{"id":33510897,"date":"2023-07-21T16:16:59","date_gmt":"2023-07-21T13:16:59","guid":{"rendered":"https:\/\/bobcat.agma.studio\/?page_id=33510897"},"modified":"2024-07-29T15:09:56","modified_gmt":"2024-07-29T12:09:56","slug":"kosilnice-bobcat","status":"publish","type":"page","link":"https:\/\/bobcat.si\/sl\/kosilnice-bobcat\/","title":{"rendered":"Kosilnice Bobcat"},"content":{"rendered":"<p>{&#8222;main-title&#8220;:{&#8222;component&#8220;:&#8220;hc_title&#8220;,&#8220;id&#8220;:&#8220;main-title&#8220;,&#8220;title&#8220;:&#8220;&#8220;,&#8220;subtitle&#8220;:&#8220;&#8220;,&#8220;title_content&#8220;:{&#8222;component&#8220;:&#8220;hc_title_image&#8220;,&#8220;id&#8220;:&#8220;title-image&#8220;,&#8220;image&#8220;:&#8220;https:\\\/\\\/bobcat.si\\\/wp-content\\\/uploads\\\/2023\\\/07\\\/bobcat-kosachki-1-1024&#215;240.jpg|480|2048|33510906&#8243;,&#8220;full_screen&#8220;:false,&#8220;full_screen_height&#8220;:&#8220;&#8220;,&#8220;parallax&#8220;:false,&#8220;bleed&#8220;:&#8220;&#8220;,&#8220;ken_burn&#8220;:&#8220;&#8220;,&#8220;overlay&#8220;:&#8220;transparent-dark&#8220;,&#8220;breadcrumbs&#8220;:false,&#8220;white&#8220;:true,&#8220;position&#8220;:&#8220;&#8220;}},&#8220;section_5ZtkF&#8220;:{&#8222;component&#8220;:&#8220;hc_section&#8220;,&#8220;id&#8220;:&#8220;section_5ZtkF&#8220;,&#8220;section_width&#8220;:&#8220;&#8220;,&#8220;animation&#8220;:&#8220;&#8220;,&#8220;animation_time&#8220;:&#8220;&#8220;,&#8220;timeline_animation&#8220;:&#8220;&#8220;,&#8220;timeline_delay&#8220;:&#8220;&#8220;,&#8220;timeline_order&#8220;:&#8220;&#8220;,&#8220;vertical_row&#8220;:&#8220;&#8220;,&#8220;box_middle&#8220;:&#8220;&#8220;,&#8220;css_classes&#8220;:&#8220;no-paddings &#8222;,&#8220;custom_css_classes&#8220;:&#8220;&#8220;,&#8220;custom_css_styles&#8220;:&#8220;&#8220;,&#8220;section_content&#8220;:[{&#8222;component&#8220;:&#8220;hc_column&#8220;,&#8220;id&#8220;:&#8220;column_UI6ND&#8220;,&#8220;column_width&#8220;:&#8220;col-md-12&#8243;,&#8220;animation&#8220;:&#8220;&#8220;,&#8220;animation_time&#8220;:&#8220;&#8220;,&#8220;timeline_animation&#8220;:&#8220;&#8220;,&#8220;timeline_delay&#8220;:&#8220;&#8220;,&#8220;timeline_order&#8220;:&#8220;&#8220;,&#8220;css_classes&#8220;:&#8220;&#8220;,&#8220;custom_css_classes&#8220;:&#8220;&#8220;,&#8220;custom_css_styles&#8220;:&#8220;&#8220;,&#8220;main_content&#8220;:[{&#8222;component&#8220;:&#8220;hc_space&#8220;,&#8220;id&#8220;:&#8220;Clpkz&#8220;,&#8220;css_classes&#8220;:&#8220;&#8220;,&#8220;custom_css_classes&#8220;:&#8220;&#8220;,&#8220;custom_css_styles&#8220;:&#8220;&#8220;,&#8220;size&#8220;:&#8220;m&#8220;,&#8220;height&#8220;:&#8220;&#8220;},{&#8222;component&#8220;:&#8220;hc_text_block&#8220;,&#8220;id&#8220;:&#8220;diru5&#8243;,&#8220;css_classes&#8220;:&#8220;&#8220;,&#8220;custom_css_classes&#8220;:&#8220;&#8220;,&#8220;custom_css_styles&#8220;:&#8220;&#8220;,&#8220;content&#8220;:&#8220;\\u041a\\u043e\\u0441\\u0430\\u0447\\u043a\\u0438\\u0442\\u0435 Bobcat \\u0441\\u0430 \\u043f\\u0440\\u043e\\u0435\\u043a\\u0442\\u0438\\u0440\\u0430\\u043d\\u0438 \\u0442\\u0430\\u043a\\u0430, \\u0447\\u0435 \\u0434\\u0430 \\u043f\\u0440\\u0435\\u0434\\u043b\\u0430\\u0433\\u0430\\u0442 \\u0443\\u0434\\u043e\\u0431\\u0441\\u0442\\u0432\\u043e \\u0437\\u0430 \\u043f\\u043e\\u0442\\u0440\\u0435\\u0431\\u0438\\u0442\\u0435\\u043b\\u044f, \\u0441\\u044a\\u0447\\u0435\\u0442\\u0430\\u0432\\u0430\\u0439\\u043a\\u0438 \\u0438\\u043d\\u0442\\u0443\\u0438\\u0442\\u0438\\u0432\\u043d\\u043e \\u0443\\u043f\\u0440\\u0430\\u0432\\u043b\\u0435\\u043d\\u0438\\u0435 \\u0441 \\u0438\\u0437\\u043a\\u043b\\u044e\\u0447\\u0438\\u0442\\u0435\\u043b\\u043d\\u0430 \\u043f\\u0440\\u043e\\u0438\\u0437\\u0432\\u043e\\u0434\\u0438\\u0442\\u0435\\u043b\\u043d\\u043e\\u0441\\u0442 \\u043d\\u0430 \\u043a\\u043e\\u0441\\u0435\\u043d\\u0435. \\u0422\\u0435 \\u0441\\u0435 \\u043f\\u0440\\u0435\\u0434\\u043b\\u0430\\u0433\\u0430\\u0442 \\u0432 \\u0440\\u0430\\u0437\\u043b\\u0438\\u0447\\u043d\\u0438 \\u043a\\u043e\\u043d\\u0444\\u0438\\u0433\\u0443\\u0440\\u0430\\u0446\\u0438\\u0438, \\u043a\\u0430\\u0442\\u043e \\u043e\\u0441\\u0438\\u0433\\u0443\\u0440\\u044f\\u0432\\u0430\\u0442 \\u0448\\u0438\\u0440\\u043e\\u043a \\u043d\\u0430\\u0431\\u043e\\u0440 \\u043e\\u0442 \\u0440\\u0435\\u0436\\u0435\\u0449\\u0438 \\u0433\\u043b\\u0430\\u0432\\u0438 \\u0438 \\u0441\\u0438\\u0441\\u0442\\u0435\\u043c\\u0438 \\u0437\\u0430 \\u043c\\u0443\\u043b\\u0447\\u0438\\u0440\\u0430\\u043d\\u0435 \\u0438 \\u0441\\u044a\\u0431\\u0438\\u0440\\u0430\\u043d\\u0435. \\u0421\\u043f\\u0435\\u0446\\u0438\\u0430\\u043b\\u043d\\u043e \\u0432\\u043d\\u0438\\u043c\\u0430\\u043d\\u0438\\u0435 \\u0435 \\u043e\\u0442\\u0434\\u0435\\u043b\\u0435\\u043d\\u043e \\u043d\\u0430 \\u0438\\u0437\\u0434\\u0440\\u044a\\u0436\\u043b\\u0438\\u0432\\u0430\\u0442\\u0430 \\u0438\\u043c \\u043a\\u043e\\u043d\\u0441\\u0442\\u0440\\u0443\\u043a\\u0446\\u0438\\u044f \\u0438 \\u043b\\u0435\\u0441\\u043d\\u0430\\u0442\\u0430 \\u043f\\u043e\\u0434\\u0434\\u0440\\u044a\\u0436\\u043a\\u0430, \\u043a\\u043e\\u0435\\u0442\\u043e \\u0433\\u0430\\u0440\\u0430\\u043d\\u0442\\u0438\\u0440\\u0430, \\u0447\\u0435 \\u0442\\u0435 \\u043e\\u0441\\u0438\\u0433\\u0443\\u0440\\u044f\\u0432\\u0430\\u0442 \\u043f\\u0435\\u0440\\u0444\\u0435\\u043a\\u0442\\u043d\\u0438 \\u0440\\u0435\\u0437\\u0443\\u043b\\u0442\\u0430\\u0442\\u0438 \\u0437\\u0430 \\u0448\\u0438\\u0440\\u043e\\u043a \\u0441\\u043f\\u0435\\u043a\\u0442\\u044a\\u0440 \\u043e\\u0442 \\u043f\\u0440\\u0438\\u043b\\u043e\\u0436\\u0435\\u043d\\u0438\\u044f \\u043d\\u0430 \\u043a\\u043e\\u0441\\u0435\\u043d\\u0435.&#8220;},{&#8222;component&#8220;:&#8220;hc_space&#8220;,&#8220;id&#8220;:&#8220;e057y&#8220;,&#8220;css_classes&#8220;:&#8220;&#8220;,&#8220;custom_css_classes&#8220;:&#8220;&#8220;,&#8220;custom_css_styles&#8220;:&#8220;&#8220;,&#8220;size&#8220;:&#8220;m&#8220;,&#8220;height&#8220;:&#8220;&#8220;},{&#8222;component&#8220;:&#8220;hc_title_tag&#8220;,&#8220;id&#8220;:&#8220;dsXAo&#8220;,&#8220;css_classes&#8220;:&#8220;middle-content &#8222;,&#8220;custom_css_classes&#8220;:&#8220;&#8220;,&#8220;custom_css_styles&#8220;:&#8220;&#8220;,&#8220;text&#8220;:&#8220;\\u041c\\u043e\\u0434\\u0435\\u043b\\u0438:&#8220;,&#8220;tag&#8220;:&#8220;h2&#8243;},{&#8222;component&#8220;:&#8220;hc_space&#8220;,&#8220;id&#8220;:&#8220;XhBpL&#8220;,&#8220;css_classes&#8220;:&#8220;&#8220;,&#8220;custom_css_classes&#8220;:&#8220;&#8220;,&#8220;custom_css_styles&#8220;:&#8220;&#8220;,&#8220;size&#8220;:&#8220;m&#8220;,&#8220;height&#8220;:&#8220;&#8220;}]}],&#8220;section_settings&#8220;:&#8220;&#8220;},&#8220;section_rVYUT&#8220;:{&#8222;component&#8220;:&#8220;hc_section&#8220;,&#8220;id&#8220;:&#8220;section_rVYUT&#8220;,&#8220;section_width&#8220;:&#8220;&#8220;,&#8220;animation&#8220;:&#8220;&#8220;,&#8220;animation_time&#8220;:&#8220;&#8220;,&#8220;timeline_animation&#8220;:&#8220;&#8220;,&#8220;timeline_delay&#8220;:&#8220;&#8220;,&#8220;timeline_order&#8220;:&#8220;&#8220;,&#8220;vertical_row&#8220;:&#8220;&#8220;,&#8220;box_middle&#8220;:&#8220;&#8220;,&#8220;css_classes&#8220;:&#8220;no-paddings boxed-inverse &#8222;,&#8220;custom_css_classes&#8220;:&#8220;bg-white&#8220;,&#8220;custom_css_styles&#8220;:&#8220;&#8220;,&#8220;section_content&#8220;:[{&#8222;component&#8220;:&#8220;hc_column&#8220;,&#8220;id&#8220;:&#8220;column_6ZEo4&#8243;,&#8220;column_width&#8220;:&#8220;col-md-6&#8243;,&#8220;animation&#8220;:&#8220;&#8220;,&#8220;animation_time&#8220;:&#8220;&#8220;,&#8220;timeline_animation&#8220;:&#8220;&#8220;,&#8220;timeline_delay&#8220;:&#8220;&#8220;,&#8220;timeline_order&#8220;:&#8220;&#8220;,&#8220;css_classes&#8220;:&#8220;&#8220;,&#8220;custom_css_classes&#8220;:&#8220;&#8220;,&#8220;custom_css_styles&#8220;:&#8220;&#8220;,&#8220;main_content&#8220;:[{&#8222;component&#8220;:&#8220;hc_space&#8220;,&#8220;id&#8220;:&#8220;QGWe1&#8243;,&#8220;css_classes&#8220;:&#8220;&#8220;,&#8220;custom_css_classes&#8220;:&#8220;&#8220;,&#8220;custom_css_styles&#8220;:&#8220;&#8220;,&#8220;size&#8220;:&#8220;m&#8220;,&#8220;height&#8220;:&#8220;&#8220;},{&#8222;component&#8220;:&#8220;hc_adv_image_box&#8220;,&#8220;id&#8220;:&#8220;hl2Uz&#8220;,&#8220;css_classes&#8220;:&#8220;&#8220;,&#8220;custom_css_classes&#8220;:&#8220;&#8220;,&#8220;custom_css_styles&#8220;:&#8220;&#8220;,&#8220;image&#8220;:&#8220;https:\\\/\\\/bobcat.si\\\/wp-content\\\/uploads\\\/2023\\\/07\\\/kosachka-bobcat-zt3000-1-1024&#215;683.jpg|800|1200|33510900&#8243;,&#8220;icon&#8220;:&#8220;&#8220;,&#8220;title&#8220;:&#8220;\\u041a\\u043e\\u0441\\u0430\\u0447\\u043a\\u0430 ZT3000&#8243;,&#8220;box_style&#8220;:&#8220;down_text&#8220;,&#8220;image_animation&#8220;:&#8220;&#8220;,&#8220;hidden_content&#8220;:false,&#8220;thumb_size&#8220;:&#8220;large&#8220;,&#8220;button_text&#8220;:&#8220;&#8220;,&#8220;button_style&#8220;:&#8220;circle&#8220;,&#8220;button_dimensions&#8220;:&#8220;&#8220;,&#8220;button_animation&#8220;:false,&#8220;extra_text&#8220;:&#8220;\\u0428\\u0438\\u0440\\u0438\\u043d\\u0430 \\u043d\\u0430 \\u043a\\u043e\\u0441\\u0435\\u043d\\u0435: 122,0 &#8211; 155,0 \\u0441\\u043c&#8220;,&#8220;subtitle&#8220;:&#8220;\\u041c\\u043e\\u0449\\u043d\\u043e\\u0441\\u0442 \\u043d\\u0430 \\u0434\\u0432\\u0438\\u0433\\u0430\\u0442\\u0435\\u043b\\u044f: 20,0 \\u2013 24,0 \\u043a.\\u0441.;&#8220;,&#8220;text&#8220;:&#8220;\\u0422\\u0435\\u0433\\u043b\\u043e \\u043d\\u0430 \\u043c\\u0430\\u0448\\u0438\\u043d\\u0430\\u0442\\u0430: 343 \\u2013 370 \\u043a\\u0433&#8243;,&#8220;link_type&#8220;:&#8220;classic&#8220;,&#8220;lightbox_animation&#8220;:&#8220;&#8220;,&#8220;caption&#8220;:&#8220;&#8220;,&#8220;inner_caption&#8220;:false,&#8220;new_window&#8220;:false,&#8220;link&#8220;:&#8220;https:\\\/\\\/bobcat.si\\\/portfolio\\\/kosachka-zt3000\\\/&#8220;,&#8220;link_content&#8220;:[],&#8220;lightbox_size&#8220;:&#8220;&#8220;,&#8220;scrollbox&#8220;:false},{&#8222;component&#8220;:&#8220;hc_space&#8220;,&#8220;id&#8220;:&#8220;3sect&#8220;,&#8220;css_classes&#8220;:&#8220;&#8220;,&#8220;custom_css_classes&#8220;:&#8220;&#8220;,&#8220;custom_css_styles&#8220;:&#8220;&#8220;,&#8220;size&#8220;:&#8220;m&#8220;,&#8220;height&#8220;:&#8220;&#8220;}]},{&#8222;component&#8220;:&#8220;hc_column&#8220;,&#8220;id&#8220;:&#8220;column_8hpbY&#8220;,&#8220;column_width&#8220;:&#8220;col-md-6&#8243;,&#8220;animation&#8220;:&#8220;&#8220;,&#8220;animation_time&#8220;:&#8220;&#8220;,&#8220;timeline_animation&#8220;:&#8220;&#8220;,&#8220;timeline_delay&#8220;:&#8220;&#8220;,&#8220;timeline_order&#8220;:&#8220;&#8220;,&#8220;css_classes&#8220;:&#8220;&#8220;,&#8220;custom_css_classes&#8220;:&#8220;&#8220;,&#8220;custom_css_styles&#8220;:&#8220;&#8220;,&#8220;main_content&#8220;:[{&#8222;component&#8220;:&#8220;hc_space&#8220;,&#8220;id&#8220;:&#8220;3wXlF&#8220;,&#8220;css_classes&#8220;:&#8220;&#8220;,&#8220;custom_css_classes&#8220;:&#8220;&#8220;,&#8220;custom_css_styles&#8220;:&#8220;&#8220;,&#8220;size&#8220;:&#8220;m&#8220;,&#8220;height&#8220;:&#8220;&#8220;},{&#8222;component&#8220;:&#8220;hc_adv_image_box&#8220;,&#8220;id&#8220;:&#8220;GhM3Z&#8220;,&#8220;css_classes&#8220;:&#8220;&#8220;,&#8220;custom_css_classes&#8220;:&#8220;&#8220;,&#8220;custom_css_styles&#8220;:&#8220;&#8220;,&#8220;image&#8220;:&#8220;https:\\\/\\\/bobcat.si\\\/wp-content\\\/uploads\\\/2023\\\/07\\\/kosachka-bobcat-zt3500-2-1024&#215;683.jpg|800|1200|33510907&#8243;,&#8220;icon&#8220;:&#8220;&#8220;,&#8220;title&#8220;:&#8220;\\u041a\\u043e\\u0441\\u0430\\u0447\\u043a\\u0430 ZT3500&#8243;,&#8220;box_style&#8220;:&#8220;down_text&#8220;,&#8220;image_animation&#8220;:&#8220;&#8220;,&#8220;hidden_content&#8220;:false,&#8220;thumb_size&#8220;:&#8220;large&#8220;,&#8220;button_text&#8220;:&#8220;&#8220;,&#8220;button_style&#8220;:&#8220;circle&#8220;,&#8220;button_dimensions&#8220;:&#8220;&#8220;,&#8220;button_animation&#8220;:false,&#8220;extra_text&#8220;:&#8220;\\u0428\\u0438\\u0440\\u0438\\u043d\\u0430 \\u043d\\u0430 \\u043a\\u043e\\u0441\\u0435\\u043d\\u0435: 132,0 &#8211; 155,0 \\u0441\\u043c&#8220;,&#8220;subtitle&#8220;:&#8220;\\u041c\\u043e\\u0449\\u043d\\u043e\\u0441\\u0442 \\u043d\\u0430 \\u0434\\u0432\\u0438\\u0433\\u0430\\u0442\\u0435\\u043b\\u044f: 24,0 \\u043a.\\u0441.;&#8220;,&#8220;text&#8220;:&#8220;\\u0422\\u0435\\u0433\\u043b\\u043e \\u043d\\u0430 \\u043c\\u0430\\u0448\\u0438\\u043d\\u0430\\u0442\\u0430: 350 \\u2013 377 \\u043a\\u0433&#8243;,&#8220;link_type&#8220;:&#8220;classic&#8220;,&#8220;lightbox_animation&#8220;:&#8220;&#8220;,&#8220;caption&#8220;:&#8220;&#8220;,&#8220;inner_caption&#8220;:false,&#8220;new_window&#8220;:false,&#8220;link&#8220;:&#8220;https:\\\/\\\/bobcat.si\\\/portfolio\\\/kosachka-zt3500\\\/&#8220;,&#8220;link_content&#8220;:[],&#8220;lightbox_size&#8220;:&#8220;&#8220;,&#8220;scrollbox&#8220;:false},{&#8222;component&#8220;:&#8220;hc_space&#8220;,&#8220;id&#8220;:&#8220;1wAI1&#8243;,&#8220;css_classes&#8220;:&#8220;&#8220;,&#8220;custom_css_classes&#8220;:&#8220;&#8220;,&#8220;custom_css_styles&#8220;:&#8220;&#8220;,&#8220;size&#8220;:&#8220;m&#8220;,&#8220;height&#8220;:&#8220;&#8220;}]},{&#8222;component&#8220;:&#8220;hc_column&#8220;,&#8220;id&#8220;:&#8220;column_QsadN&#8220;,&#8220;column_width&#8220;:&#8220;col-md-6&#8243;,&#8220;animation&#8220;:&#8220;&#8220;,&#8220;animation_time&#8220;:&#8220;&#8220;,&#8220;timeline_animation&#8220;:&#8220;&#8220;,&#8220;timeline_delay&#8220;:&#8220;&#8220;,&#8220;timeline_order&#8220;:&#8220;&#8220;,&#8220;css_classes&#8220;:&#8220;&#8220;,&#8220;custom_css_classes&#8220;:&#8220;&#8220;,&#8220;custom_css_styles&#8220;:&#8220;&#8220;,&#8220;main_content&#8220;:[{&#8222;component&#8220;:&#8220;hc_space&#8220;,&#8220;id&#8220;:&#8220;VhMFM&#8220;,&#8220;css_classes&#8220;:&#8220;&#8220;,&#8220;custom_css_classes&#8220;:&#8220;&#8220;,&#8220;custom_css_styles&#8220;:&#8220;&#8220;,&#8220;size&#8220;:&#8220;m&#8220;,&#8220;height&#8220;:&#8220;&#8220;},{&#8222;component&#8220;:&#8220;hc_adv_image_box&#8220;,&#8220;id&#8220;:&#8220;jmQrq&#8220;,&#8220;css_classes&#8220;:&#8220;&#8220;,&#8220;custom_css_classes&#8220;:&#8220;&#8220;,&#8220;custom_css_styles&#8220;:&#8220;&#8220;,&#8220;image&#8220;:&#8220;https:\\\/\\\/bobcat.si\\\/wp-content\\\/uploads\\\/2023\\\/07\\\/kosachka-bobcat-zs400-1-1024&#215;683.jpg|800|1200|33510908&#8243;,&#8220;icon&#8220;:&#8220;&#8220;,&#8220;title&#8220;:&#8220;\\u041a\\u043e\\u0441\\u0430\\u0447\\u043a\\u0430 ZS4000&#8243;,&#8220;box_style&#8220;:&#8220;down_text&#8220;,&#8220;image_animation&#8220;:&#8220;&#8220;,&#8220;hidden_content&#8220;:false,&#8220;thumb_size&#8220;:&#8220;large&#8220;,&#8220;button_text&#8220;:&#8220;&#8220;,&#8220;button_style&#8220;:&#8220;circle&#8220;,&#8220;button_dimensions&#8220;:&#8220;&#8220;,&#8220;button_animation&#8220;:false,&#8220;extra_text&#8220;:&#8220;\\u0428\\u0438\\u0440\\u0438\\u043d\\u0430 \\u043d\\u0430 \\u043a\\u043e\\u0441\\u0435\\u043d\\u0435: 122,0 &#8211; 155,0 \\u0441\\u043c&#8220;,&#8220;subtitle&#8220;:&#8220;\\u041c\\u043e\\u0449\\u043d\\u043e\\u0441\\u0442 \\u043d\\u0430 \\u0434\\u0432\\u0438\\u0433\\u0430\\u0442\\u0435\\u043b\\u044f: 24,0 \\u043a.\\u0441.;&#8220;,&#8220;text&#8220;:&#8220;\\u0422\\u0435\\u0433\\u043b\\u043e \\u043d\\u0430 \\u043c\\u0430\\u0448\\u0438\\u043d\\u0430\\u0442\\u0430: 350 \\u2013 377 \\u043a\\u0433&#8243;,&#8220;link_type&#8220;:&#8220;classic&#8220;,&#8220;lightbox_animation&#8220;:&#8220;&#8220;,&#8220;caption&#8220;:&#8220;&#8220;,&#8220;inner_caption&#8220;:false,&#8220;new_window&#8220;:false,&#8220;link&#8220;:&#8220;https:\\\/\\\/bobcat.si\\\/portfolio\\\/kosachka-zs4000\\\/&#8220;,&#8220;link_content&#8220;:[],&#8220;lightbox_size&#8220;:&#8220;&#8220;,&#8220;scrollbox&#8220;:false},{&#8222;component&#8220;:&#8220;hc_space&#8220;,&#8220;id&#8220;:&#8220;07lBj&#8220;,&#8220;css_classes&#8220;:&#8220;&#8220;,&#8220;custom_css_classes&#8220;:&#8220;&#8220;,&#8220;custom_css_styles&#8220;:&#8220;&#8220;,&#8220;size&#8220;:&#8220;m&#8220;,&#8220;height&#8220;:&#8220;&#8220;}]},{&#8222;component&#8220;:&#8220;hc_column&#8220;,&#8220;id&#8220;:&#8220;column_FfETC&#8220;,&#8220;column_width&#8220;:&#8220;col-md-6&#8243;,&#8220;animation&#8220;:&#8220;&#8220;,&#8220;animation_time&#8220;:&#8220;&#8220;,&#8220;timeline_animation&#8220;:&#8220;&#8220;,&#8220;timeline_delay&#8220;:&#8220;&#8220;,&#8220;timeline_order&#8220;:&#8220;&#8220;,&#8220;css_classes&#8220;:&#8220;&#8220;,&#8220;custom_css_classes&#8220;:&#8220;&#8220;,&#8220;custom_css_styles&#8220;:&#8220;&#8220;,&#8220;main_content&#8220;:[{&#8222;component&#8220;:&#8220;hc_space&#8220;,&#8220;id&#8220;:&#8220;PrcsQ&#8220;,&#8220;css_classes&#8220;:&#8220;&#8220;,&#8220;custom_css_classes&#8220;:&#8220;&#8220;,&#8220;custom_css_styles&#8220;:&#8220;&#8220;,&#8220;size&#8220;:&#8220;m&#8220;,&#8220;height&#8220;:&#8220;&#8220;},{&#8222;component&#8220;:&#8220;hc_adv_image_box&#8220;,&#8220;id&#8220;:&#8220;kn3Um&#8220;,&#8220;css_classes&#8220;:&#8220;&#8220;,&#8220;custom_css_classes&#8220;:&#8220;&#8220;,&#8220;custom_css_styles&#8220;:&#8220;&#8220;,&#8220;image&#8220;:&#8220;https:\\\/\\\/bobcat.si\\\/wp-content\\\/uploads\\\/2023\\\/07\\\/kosachka-bobcat-wb700-1-1024&#215;683.jpg|800|1200|33510899&#8243;,&#8220;icon&#8220;:&#8220;&#8220;,&#8220;title&#8220;:&#8220;\\u041a\\u043e\\u0441\\u0430\\u0447\\u043a\\u0430 WB700&#8243;,&#8220;box_style&#8220;:&#8220;down_text&#8220;,&#8220;image_animation&#8220;:&#8220;&#8220;,&#8220;hidden_content&#8220;:false,&#8220;thumb_size&#8220;:&#8220;large&#8220;,&#8220;button_text&#8220;:&#8220;&#8220;,&#8220;button_style&#8220;:&#8220;circle&#8220;,&#8220;button_dimensions&#8220;:&#8220;&#8220;,&#8220;button_animation&#8220;:false,&#8220;extra_text&#8220;:&#8220;\\u0428\\u0438\\u0440\\u0438\\u043d\\u0430 \\u043d\\u0430 \\u043a\\u043e\\u0441\\u0435\\u043d\\u0435: 122,0 &#8211; 132,0 \\u0441\\u043c&#8220;,&#8220;subtitle&#8220;:&#8220;\\u041c\\u043e\\u0449\\u043d\\u043e\\u0441\\u0442 \\u043d\\u0430 \\u0434\\u0432\\u0438\\u0433\\u0430\\u0442\\u0435\\u043b\\u044f: 15,0 \\u2013 18,5 \\u043a.\\u0441.;&#8220;,&#8220;text&#8220;:&#8220;\\u0422\\u0435\\u0433\\u043b\\u043e \\u043d\\u0430 \\u043c\\u0430\\u0448\\u0438\\u043d\\u0430\\u0442\\u0430: 307 \\u2013 314 \\u043a\\u0433&#8243;,&#8220;link_type&#8220;:&#8220;classic&#8220;,&#8220;lightbox_animation&#8220;:&#8220;&#8220;,&#8220;caption&#8220;:&#8220;&#8220;,&#8220;inner_caption&#8220;:false,&#8220;new_window&#8220;:false,&#8220;link&#8220;:&#8220;https:\\\/\\\/bobcat.si\\\/portfolio\\\/kosachka-wb700\\\/&#8220;,&#8220;link_content&#8220;:[],&#8220;lightbox_size&#8220;:&#8220;&#8220;,&#8220;scrollbox&#8220;:false},{&#8222;component&#8220;:&#8220;hc_space&#8220;,&#8220;id&#8220;:&#8220;SPW3t&#8220;,&#8220;css_classes&#8220;:&#8220;&#8220;,&#8220;custom_css_classes&#8220;:&#8220;&#8220;,&#8220;custom_css_styles&#8220;:&#8220;&#8220;,&#8220;size&#8220;:&#8220;m&#8220;,&#8220;height&#8220;:&#8220;&#8220;}]}],&#8220;section_settings&#8220;:&#8220;&#8220;},&#8220;section_XfXmy&#8220;:{&#8222;component&#8220;:&#8220;hc_section&#8220;,&#8220;id&#8220;:&#8220;section_XfXmy&#8220;,&#8220;section_width&#8220;:&#8220;&#8220;,&#8220;animation&#8220;:&#8220;&#8220;,&#8220;animation_time&#8220;:&#8220;&#8220;,&#8220;timeline_animation&#8220;:&#8220;&#8220;,&#8220;timeline_delay&#8220;:&#8220;&#8220;,&#8220;timeline_order&#8220;:&#8220;&#8220;,&#8220;vertical_row&#8220;:&#8220;&#8220;,&#8220;box_middle&#8220;:&#8220;&#8220;,&#8220;css_classes&#8220;:&#8220;no-paddings &#8222;,&#8220;custom_css_classes&#8220;:&#8220;&#8220;,&#8220;custom_css_styles&#8220;:&#8220;&#8220;,&#8220;section_content&#8220;:[{&#8222;component&#8220;:&#8220;hc_column&#8220;,&#8220;id&#8220;:&#8220;column_kKIIb&#8220;,&#8220;column_width&#8220;:&#8220;col-md-12&#8243;,&#8220;animation&#8220;:&#8220;&#8220;,&#8220;animation_time&#8220;:&#8220;&#8220;,&#8220;timeline_animation&#8220;:&#8220;&#8220;,&#8220;timeline_delay&#8220;:&#8220;&#8220;,&#8220;timeline_order&#8220;:&#8220;&#8220;,&#8220;css_classes&#8220;:&#8220;&#8220;,&#8220;custom_css_classes&#8220;:&#8220;&#8220;,&#8220;custom_css_styles&#8220;:&#8220;&#8220;,&#8220;main_content&#8220;:[{&#8222;component&#8220;:&#8220;hc_space&#8220;,&#8220;id&#8220;:&#8220;XJgmu&#8220;,&#8220;css_classes&#8220;:&#8220;&#8220;,&#8220;custom_css_classes&#8220;:&#8220;&#8220;,&#8220;custom_css_styles&#8220;:&#8220;&#8220;,&#8220;size&#8220;:&#8220;l&#8220;,&#8220;height&#8220;:&#8220;&#8220;},{&#8222;component&#8220;:&#8220;hc_video&#8220;,&#8220;id&#8220;:&#8220;CSuhm&#8220;,&#8220;css_classes&#8220;:&#8220;&#8220;,&#8220;custom_css_classes&#8220;:&#8220;&#8220;,&#8220;custom_css_styles&#8220;:&#8220;&#8220;,&#8220;link&#8220;:&#8220;https:\\\/\\\/youtu.be\\\/uzvHNqAuDCg&#8220;,&#8220;width&#8220;:&#8220;&#8220;,&#8220;height&#8220;:&#8220;600&#8243;,&#8220;autoplay&#8220;:false,&#8220;loop&#8220;:false,&#8220;controls&#8220;:true,&#8220;muted&#8220;:false},{&#8222;component&#8220;:&#8220;hc_space&#8220;,&#8220;id&#8220;:&#8220;ErJq7&#8243;,&#8220;css_classes&#8220;:&#8220;&#8220;,&#8220;custom_css_classes&#8220;:&#8220;&#8220;,&#8220;custom_css_styles&#8220;:&#8220;&#8220;,&#8220;size&#8220;:&#8220;l&#8220;,&#8220;height&#8220;:&#8220;&#8220;}]}],&#8220;section_settings&#8220;:&#8220;&#8220;},&#8220;scripts&#8220;:{&#8222;lightbox&#8220;:&#8220;jquery.magnific-popup.min.js&#8220;},&#8220;css&#8220;:{&#8222;lightbox&#8220;:&#8220;scripts\\\/magnific-popup.css&#8220;,&#8220;image_box&#8220;:&#8220;css\\\/image-box.css&#8220;},&#8220;css_page&#8220;:&#8220;&#8220;,&#8220;template_setting&#8220;:{&#8222;settings&#8220;:{&#8222;id&#8220;:&#8220;settings&#8220;}},&#8220;template_setting_top&#8220;:[],&#8220;page_setting&#8220;:{&#8222;settings&#8220;:[&#8222;lock-mode-off&#8220;]}}<\/p>","protected":false},"excerpt":{"rendered":"<p>Kosilnice Bobcat so zasnovane tako, da ponujajo udobje uporabnika, saj zdru\u017eujejo intuitivno upravljanje z izjemno zmogljivostjo ko\u0161nje. Na voljo so v razli\u010dnih konfiguracijah, ki zagotavljajo \u0161irok nabor kosilnih glav ter sistemov za mul\u010denje in zbiranje. Posebna pozornost je bila namenjena njihovi trpe\u017eni konstrukciji in enostavnemu vzdr\u017eevanju, kar zagotavlja popolne rezultate pri \u0161irokem naboru ko\u0161enj.<\/p>","protected":false},"author":2,"featured_media":0,"parent":0,"menu_order":0,"comment_status":"closed","ping_status":"closed","template":"","meta":{"_coblocks_attr":"","_coblocks_dimensions":"","_coblocks_responsive_height":"","_coblocks_accordion_ie_support":"","pgc_sgb_lightbox_settings":"","footnotes":""},"class_list":["post-33510897","page","type-page","status-publish","hentry"],"featured_image_src":null,"_links":{"self":[{"href":"https:\/\/bobcat.si\/sl\/wp-json\/wp\/v2\/pages\/33510897","targetHints":{"allow":["GET"]}}],"collection":[{"href":"https:\/\/bobcat.si\/sl\/wp-json\/wp\/v2\/pages"}],"about":[{"href":"https:\/\/bobcat.si\/sl\/wp-json\/wp\/v2\/types\/page"}],"author":[{"embeddable":true,"href":"https:\/\/bobcat.si\/sl\/wp-json\/wp\/v2\/users\/2"}],"replies":[{"embeddable":true,"href":"https:\/\/bobcat.si\/sl\/wp-json\/wp\/v2\/comments?post=33510897"}],"version-history":[{"count":0,"href":"https:\/\/bobcat.si\/sl\/wp-json\/wp\/v2\/pages\/33510897\/revisions"}],"wp:attachment":[{"href":"https:\/\/bobcat.si\/sl\/wp-json\/wp\/v2\/media?parent=33510897"}],"curies":[{"name":"delovni list","href":"https:\/\/api.w.org\/{rel}","templated":true}]}}