{"id":33510947,"date":"2023-07-25T09:11:18","date_gmt":"2023-07-25T06:11:18","guid":{"rendered":"https:\/\/bobcat.agma.studio\/?p=33510947"},"modified":"2023-07-27T10:50:43","modified_gmt":"2023-07-27T07:50:43","slug":"oprema-za-trate","status":"publish","type":"page","link":"https:\/\/bobcat.si\/sl\/oprema-za-trate\/","title":{"rendered":"Oprema za trate"},"content":{"rendered":"<p>{&#8222;main-title&#8220;:{&#8222;component&#8220;:&#8220;hc_title&#8220;,&#8220;id&#8220;:&#8220;main-title&#8220;,&#8220;title&#8220;:&#8220;&#8220;,&#8220;subtitle&#8220;:&#8220;&#8220;,&#8220;title_content&#8220;:{&#8222;component&#8220;:&#8220;hc_title_image&#8220;,&#8220;id&#8220;:&#8220;title-image&#8220;,&#8220;image&#8220;:&#8220;https:\\\/\\\/bobcat.si\\\/wp-content\\\/uploads\\\/2023\\\/07\\\/oborudvane-turf-1024&#215;240.jpg|480|2048|33510948&#8243;,&#8220;full_screen&#8220;:false,&#8220;full_screen_height&#8220;:&#8220;&#8220;,&#8220;parallax&#8220;:false,&#8220;bleed&#8220;:&#8220;&#8220;,&#8220;ken_burn&#8220;:&#8220;&#8220;,&#8220;overlay&#8220;:&#8220;transparent-dark&#8220;,&#8220;breadcrumbs&#8220;:false,&#8220;white&#8220;:true,&#8220;position&#8220;:&#8220;&#8220;}},&#8220;section_5ZtkF&#8220;:{&#8222;component&#8220;:&#8220;hc_section&#8220;,&#8220;id&#8220;:&#8220;section_5ZtkF&#8220;,&#8220;section_width&#8220;:&#8220;&#8220;,&#8220;animation&#8220;:&#8220;&#8220;,&#8220;animation_time&#8220;:&#8220;&#8220;,&#8220;timeline_animation&#8220;:&#8220;&#8220;,&#8220;timeline_delay&#8220;:&#8220;&#8220;,&#8220;timeline_order&#8220;:&#8220;&#8220;,&#8220;vertical_row&#8220;:&#8220;&#8220;,&#8220;box_middle&#8220;:&#8220;&#8220;,&#8220;css_classes&#8220;:&#8220;no-paddings &#8222;,&#8220;custom_css_classes&#8220;:&#8220;&#8220;,&#8220;custom_css_styles&#8220;:&#8220;&#8220;,&#8220;section_content&#8220;:[{&#8222;component&#8220;:&#8220;hc_column&#8220;,&#8220;id&#8220;:&#8220;column_Y8QS4&#8243;,&#8220;column_width&#8220;:&#8220;col-md-12&#8243;,&#8220;animation&#8220;:&#8220;&#8220;,&#8220;animation_time&#8220;:&#8220;&#8220;,&#8220;timeline_animation&#8220;:&#8220;&#8220;,&#8220;timeline_delay&#8220;:&#8220;&#8220;,&#8220;timeline_order&#8220;:&#8220;&#8220;,&#8220;css_classes&#8220;:&#8220;&#8220;,&#8220;custom_css_classes&#8220;:&#8220;&#8220;,&#8220;custom_css_styles&#8220;:&#8220;&#8220;,&#8220;main_content&#8220;:[{&#8222;component&#8220;:&#8220;hc_space&#8220;,&#8220;id&#8220;:&#8220;8yh9z&#8220;,&#8220;css_classes&#8220;:&#8220;&#8220;,&#8220;custom_css_classes&#8220;:&#8220;&#8220;,&#8220;custom_css_styles&#8220;:&#8220;&#8220;,&#8220;size&#8220;:&#8220;m&#8220;,&#8220;height&#8220;:&#8220;&#8220;},{&#8222;component&#8220;:&#8220;hc_text_block&#8220;,&#8220;id&#8220;:&#8220;FHDsy&#8220;,&#8220;css_classes&#8220;:&#8220;&#8220;,&#8220;custom_css_classes&#8220;:&#8220;&#8220;,&#8220;custom_css_styles&#8220;:&#8220;&#8220;,&#8220;content&#8220;:&#8220;Bobcat \\u043f\\u0440\\u0435\\u0434\\u043b\\u0430\\u0433\\u0430 \\u0435\\u043a\\u0441\\u043f\\u0435\\u0440\\u0442\\u043d\\u043e \\u043f\\u0440\\u043e\\u0435\\u043a\\u0442\\u0438\\u0440\\u0430\\u043d\\u043e, \\u0441\\u043f\\u0435\\u0446\\u0438\\u0430\\u043b\\u0438\\u0437\\u0438\\u0440\\u0430\\u043d\\u043e \\u0438 \\u0432\\u0438\\u0441\\u043e\\u043a\\u043e\\u043f\\u0440\\u043e\\u0438\\u0437\\u0432\\u043e\\u0434\\u0438\\u0442\\u0435\\u043b\\u043d\\u043e \\u043e\\u0431\\u043e\\u0440\\u0443\\u0434\\u0432\\u0430\\u043d\\u0435 \\u0437\\u0430 \\u043e\\u0431\\u0440\\u0430\\u0431\\u043e\\u0442\\u043a\\u0430 \\u043d\\u0430 \\u0442\\u0440\\u0435\\u0432\\u043d\\u0438 \\u043f\\u043b\\u043e\\u0449\\u0438 \\u0441 \\u043c\\u0430\\u0440\\u043a\\u0430\\u0442\\u0430 Ryan \\u0432 \\u0446\\u0435\\u043b\\u0438\\u044f \\u0440\\u0435\\u0433\\u0438\\u043e\\u043d \\u043d\\u0430 \\u0415\\u0432\\u0440\\u043e\\u043f\\u0430, \\u0411\\u043b\\u0438\\u0437\\u043a\\u0438\\u044f \\u0438\\u0437\\u0442\\u043e\\u043a \\u0438 \\u0410\\u0444\\u0440\\u0438\\u043a\\u0430. \\u041f\\u0440\\u043e\\u0434\\u0443\\u043a\\u0442\\u043e\\u0432\\u043e\\u0442\\u043e \\u043f\\u043e\\u0440\\u0442\\u0444\\u043e\\u043b\\u0438\\u043e \\u0441 \\u0432\\u0438\\u0441\\u043e\\u043a\\u0430 \\u043f\\u0440\\u043e\\u0438\\u0437\\u0432\\u043e\\u0434\\u0438\\u0442\\u0435\\u043b\\u043d\\u043e\\u0441\\u0442 \\u0438 \\u0434\\u044a\\u043b\\u0433\\u043e\\u0442\\u0440\\u0430\\u0439\\u043d\\u043e\\u0441\\u0442 \\u0432\\u043a\\u043b\\u044e\\u0447\\u0432\\u0430 \\u0430\\u0435\\u0440\\u0430\\u0442\\u043e\\u0440\\u0438, \\u0440\\u0430\\u0437\\u0440\\u043e\\u0445\\u043a\\u0432\\u0430\\u0442\\u0435\\u043b\\u0438, \\u0441\\u0435\\u044f\\u043b\\u043a\\u0438 \\u0438 \\u0447\\u0438\\u043c\\u043e\\u0440\\u0435\\u0437\\u0430\\u0447\\u043a\\u0438.&#8220;},{&#8222;component&#8220;:&#8220;hc_space&#8220;,&#8220;id&#8220;:&#8220;IZMRF&#8220;,&#8220;css_classes&#8220;:&#8220;&#8220;,&#8220;custom_css_classes&#8220;:&#8220;&#8220;,&#8220;custom_css_styles&#8220;:&#8220;&#8220;,&#8220;size&#8220;:&#8220;m&#8220;,&#8220;height&#8220;:&#8220;&#8220;},{&#8222;component&#8220;:&#8220;hc_image_coverflow&#8220;,&#8220;id&#8220;:&#8220;qQGmJ&#8220;,&#8220;css_classes&#8220;:&#8220;&#8220;,&#8220;custom_css_classes&#8220;:&#8220;&#8220;,&#8220;custom_css_styles&#8220;:&#8220;&#8220;,&#8220;slides&#8220;:[{&#8222;component&#8220;:&#8220;hc_upload_img&#8220;,&#8220;id&#8220;:&#8220;BrfCo&#8220;,&#8220;link&#8220;:&#8220;https:\\\/\\\/bobcat.si\\\/wp-content\\\/uploads\\\/2023\\\/07\\\/chimorezachka-3-1024&#215;682.jpg|1009|1514|33510961&#8243;},{&#8222;component&#8220;:&#8220;hc_upload_img&#8220;,&#8220;id&#8220;:&#8220;CHYje&#8220;,&#8220;link&#8220;:&#8220;https:\\\/\\\/bobcat.si\\\/wp-content\\\/uploads\\\/2023\\\/07\\\/chimorezachka-1-1024&#215;682.jpg|1009|1514|33510959&#8243;},{&#8222;component&#8220;:&#8220;hc_upload_img&#8220;,&#8220;id&#8220;:&#8220;vzKC8&#8243;,&#8220;link&#8220;:&#8220;https:\\\/\\\/bobcat.si\\\/wp-content\\\/uploads\\\/2023\\\/07\\\/chimorezachka-2-1024&#215;682.jpg|1009|1514|33510960&#8243;},{&#8222;component&#8220;:&#8220;hc_upload_img&#8220;,&#8220;id&#8220;:&#8220;XIV26&#8243;,&#8220;link&#8220;:&#8220;https:\\\/\\\/bobcat.si\\\/wp-content\\\/uploads\\\/2023\\\/07\\\/chimorezachka-4-1024&#215;682.jpg|1009|1514|33510962&#8243;},{&#8222;component&#8220;:&#8220;hc_upload_img&#8220;,&#8220;id&#8220;:&#8220;R7htd&#8220;,&#8220;link&#8220;:&#8220;https:\\\/\\\/bobcat.si\\\/wp-content\\\/uploads\\\/2023\\\/07\\\/chimorezachka-5-1024&#215;682.jpg|1009|1514|33510963&#8243;},{&#8222;component&#8220;:&#8220;hc_upload_img&#8220;,&#8220;id&#8220;:&#8220;TLP6p&#8220;,&#8220;link&#8220;:&#8220;https:\\\/\\\/bobcat.si\\\/wp-content\\\/uploads\\\/2023\\\/07\\\/samohoden-aerator-2-1024&#215;682.jpg|1009|1514|33510956&#8243;},{&#8222;component&#8220;:&#8220;hc_upload_img&#8220;,&#8220;id&#8220;:&#8220;V9AlT&#8220;,&#8220;link&#8220;:&#8220;https:\\\/\\\/bobcat.si\\\/wp-content\\\/uploads\\\/2023\\\/07\\\/samohoden-aerator-1-1024&#215;682.jpg|1009|1514|33510955&#8243;},{&#8222;component&#8220;:&#8220;hc_upload_img&#8220;,&#8220;id&#8220;:&#8220;rYFOF&#8220;,&#8220;link&#8220;:&#8220;https:\\\/\\\/bobcat.si\\\/wp-content\\\/uploads\\\/2023\\\/07\\\/samohoden-aerator-3-1024&#215;682.jpg|1009|1514|33510957&#8243;},{&#8222;component&#8220;:&#8220;hc_upload_img&#8220;,&#8220;id&#8220;:&#8220;4xP23&#8243;,&#8220;link&#8220;:&#8220;https:\\\/\\\/bobcat.si\\\/wp-content\\\/uploads\\\/2023\\\/07\\\/samohoden-aerator-4-1024&#215;682.jpg|1009|1514|33510958&#8243;},{&#8222;component&#8220;:&#8220;hc_upload_img&#8220;,&#8220;id&#8220;:&#8220;BvcrI&#8220;,&#8220;link&#8220;:&#8220;https:\\\/\\\/bobcat.si\\\/wp-content\\\/uploads\\\/2023\\\/07\\\/motorna-seqlka-5-1024&#215;682.jpg|1009|1514|33510954&#8243;},{&#8222;component&#8220;:&#8220;hc_upload_img&#8220;,&#8220;id&#8220;:&#8220;j3GeJ&#8220;,&#8220;link&#8220;:&#8220;https:\\\/\\\/bobcat.si\\\/wp-content\\\/uploads\\\/2023\\\/07\\\/motorna-seqlka-3-1024&#215;682.jpg|1009|1514|33510952&#8243;},{&#8222;component&#8220;:&#8220;hc_upload_img&#8220;,&#8220;id&#8220;:&#8220;kCwXr&#8220;,&#8220;link&#8220;:&#8220;https:\\\/\\\/bobcat.si\\\/wp-content\\\/uploads\\\/2023\\\/07\\\/motorna-seqlka-4-1024&#215;682.jpg|1009|1514|33510953&#8243;},{&#8222;component&#8220;:&#8220;hc_upload_img&#8220;,&#8220;id&#8220;:&#8220;v6jGt&#8220;,&#8220;link&#8220;:&#8220;https:\\\/\\\/bobcat.si\\\/wp-content\\\/uploads\\\/2023\\\/07\\\/motorna-seqlka-1-1024&#215;682.jpg|1009|1514|33510950&#8243;},{&#8222;component&#8220;:&#8220;hc_upload_img&#8220;,&#8220;id&#8220;:&#8220;hlQSn&#8220;,&#8220;link&#8220;:&#8220;https:\\\/\\\/bobcat.si\\\/wp-content\\\/uploads\\\/2023\\\/07\\\/motorna-seqlka-2-1024&#215;682.jpg|1009|1514|33510951&#8243;}],&#8220;slide_width&#8220;:&#8220;&#8220;,&#8220;slide_width_mobile&#8220;:&#8220;&#8220;,&#8220;lightbox&#8220;:true,&#8220;lightbox_animation&#8220;:&#8220;&#8220;,&#8220;image_animation&#8220;:&#8220;&#8220;,&#8220;thumb_size&#8220;:&#8220;large&#8220;,&#8220;thumbnail&#8220;:false,&#8220;png-over&#8220;:false,&#8220;custom_classes&#8220;:&#8220;&#8220;,&#8220;trigger&#8220;:&#8220;&#8220;},{&#8222;component&#8220;:&#8220;hc_space&#8220;,&#8220;id&#8220;:&#8220;R7WFh&#8220;,&#8220;css_classes&#8220;:&#8220;&#8220;,&#8220;custom_css_classes&#8220;:&#8220;&#8220;,&#8220;custom_css_styles&#8220;:&#8220;&#8220;,&#8220;size&#8220;:&#8220;m&#8220;,&#8220;height&#8220;:&#8220;&#8220;}]}],&#8220;section_settings&#8220;:&#8220;&#8220;},&#8220;column_sp9zn&#8220;:{&#8222;id&#8220;:&#8220;column_sp9zn&#8220;,&#8220;main_content&#8220;:{&#8222;component&#8220;:&#8220;hc_space&#8220;,&#8220;id&#8220;:&#8220;R7WFh&#8220;,&#8220;css_classes&#8220;:&#8220;&#8220;,&#8220;custom_css_classes&#8220;:&#8220;&#8220;,&#8220;custom_css_styles&#8220;:&#8220;&#8220;,&#8220;size&#8220;:&#8220;m&#8220;,&#8220;height&#8220;:&#8220;&#8220;}},&#8220;section_CeLWy&#8220;:{&#8222;component&#8220;:&#8220;hc_section&#8220;,&#8220;id&#8220;:&#8220;section_CeLWy&#8220;,&#8220;section_width&#8220;:&#8220;&#8220;,&#8220;animation&#8220;:&#8220;&#8220;,&#8220;animation_time&#8220;:&#8220;&#8220;,&#8220;timeline_animation&#8220;:&#8220;&#8220;,&#8220;timeline_delay&#8220;:&#8220;&#8220;,&#8220;timeline_order&#8220;:&#8220;&#8220;,&#8220;vertical_row&#8220;:&#8220;&#8220;,&#8220;box_middle&#8220;:&#8220;&#8220;,&#8220;css_classes&#8220;:&#8220;&#8220;,&#8220;custom_css_classes&#8220;:&#8220;&#8220;,&#8220;custom_css_styles&#8220;:&#8220;&#8220;,&#8220;section_content&#8220;:[{&#8222;component&#8220;:&#8220;hc_column&#8220;,&#8220;id&#8220;:&#8220;column_1aqGO&#8220;,&#8220;column_width&#8220;:&#8220;col-md-12&#8243;,&#8220;animation&#8220;:&#8220;&#8220;,&#8220;animation_time&#8220;:&#8220;&#8220;,&#8220;timeline_animation&#8220;:&#8220;&#8220;,&#8220;timeline_delay&#8220;:&#8220;&#8220;,&#8220;timeline_order&#8220;:&#8220;&#8220;,&#8220;css_classes&#8220;:&#8220;&#8220;,&#8220;custom_css_classes&#8220;:&#8220;&#8220;,&#8220;custom_css_styles&#8220;:&#8220;&#8220;,&#8220;main_content&#8220;:[{&#8222;component&#8220;:&#8220;hc_button&#8220;,&#8220;id&#8220;:&#8220;n8kWe&#8220;,&#8220;css_classes&#8220;:&#8220;&#8220;,&#8220;custom_css_classes&#8220;:&#8220;&#8220;,&#8220;custom_css_styles&#8220;:&#8220;&#8220;,&#8220;icon&#8220;:&#8220;&#8220;,&#8220;style&#8220;:&#8220;square&#8220;,&#8220;size&#8220;:&#8220;btn-lg&#8220;,&#8220;position&#8220;:&#8220;center&#8220;,&#8220;animation&#8220;:false,&#8220;text&#8220;:&#8220;\\u0418\\u0437\\u043f\\u0440\\u0430\\u0442\\u0435\\u0442\\u0435 \\u0437\\u0430\\u043f\\u0438\\u0442\\u0432\\u0430\\u043d\\u0435&#8243;,&#8220;link_type&#8220;:&#8220;classic&#8220;,&#8220;lightbox_animation&#8220;:&#8220;&#8220;,&#8220;caption&#8220;:&#8220;&#8220;,&#8220;inner_caption&#8220;:false,&#8220;new_window&#8220;:false,&#8220;link&#8220;:&#8220;https:\\\/\\\/bobcat.si\\\/\\u0437\\u0430\\u043f\\u0438\\u0442\\u0432\\u0430\\u043d\\u0435\\\/&#8220;,&#8220;link_content&#8220;:[],&#8220;lightbox_size&#8220;:&#8220;&#8220;,&#8220;scrollbox&#8220;:false}]}],&#8220;section_settings&#8220;:&#8220;&#8220;},&#8220;scripts&#8220;:{&#8222;flipster&#8220;:&#8220;jquery.flipster.min.js&#8220;,&#8220;lightbox&#8220;:&#8220;jquery.magnific-popup.min.js&#8220;},&#8220;css&#8220;:{&#8222;flipster&#8220;:&#8220;scripts\\\/jquery.flipster.min.css&#8220;,&#8220;lightbox&#8220;:&#8220;scripts\\\/magnific-popup.css&#8220;},&#8220;css_page&#8220;:&#8220;&#8220;,&#8220;template_setting&#8220;:{&#8222;settings&#8220;:{&#8222;id&#8220;:&#8220;settings&#8220;}},&#8220;template_setting_top&#8220;:[],&#8220;page_setting&#8220;:{&#8222;settings&#8220;:[&#8222;lock-mode-off&#8220;]}}<\/p>","protected":false},"excerpt":{"rendered":"<p>Bobcat pod blagovno znamko Ryan ponuja strokovno zasnovano, specializirano in visokozmogljivo opremo za ko\u0161njo trate. Visokozmogljiva in trpe\u017ena linija izdelkov vklju\u010duje prezra\u010devalnike, vertikulatorje, sejalnice in kosilnice za travo.<\/p>","protected":false},"author":2,"featured_media":0,"parent":0,"menu_order":0,"comment_status":"closed","ping_status":"closed","template":"","meta":{"_coblocks_attr":"","_coblocks_dimensions":"","_coblocks_responsive_height":"","_coblocks_accordion_ie_support":"","pgc_sgb_lightbox_settings":"","footnotes":""},"class_list":["post-33510947","page","type-page","status-publish","hentry"],"featured_image_src":null,"_links":{"self":[{"href":"https:\/\/bobcat.si\/sl\/wp-json\/wp\/v2\/pages\/33510947","targetHints":{"allow":["GET"]}}],"collection":[{"href":"https:\/\/bobcat.si\/sl\/wp-json\/wp\/v2\/pages"}],"about":[{"href":"https:\/\/bobcat.si\/sl\/wp-json\/wp\/v2\/types\/page"}],"author":[{"embeddable":true,"href":"https:\/\/bobcat.si\/sl\/wp-json\/wp\/v2\/users\/2"}],"replies":[{"embeddable":true,"href":"https:\/\/bobcat.si\/sl\/wp-json\/wp\/v2\/comments?post=33510947"}],"version-history":[{"count":0,"href":"https:\/\/bobcat.si\/sl\/wp-json\/wp\/v2\/pages\/33510947\/revisions"}],"wp:attachment":[{"href":"https:\/\/bobcat.si\/sl\/wp-json\/wp\/v2\/media?parent=33510947"}],"curies":[{"name":"delovni list","href":"https:\/\/api.w.org\/{rel}","templated":true}]}}