{"id":33511340,"date":"2024-02-05T12:14:38","date_gmt":"2024-02-05T10:14:38","guid":{"rendered":"https:\/\/bobcat.agma.studio\/?page_id=33511340"},"modified":"2024-02-19T11:37:34","modified_gmt":"2024-02-19T09:37:34","slug":"generatorji","status":"publish","type":"page","link":"https:\/\/bobcat.si\/sl\/generatorji\/","title":{"rendered":"Generatorji"},"content":{"rendered":"<p>{&#8222;main-title&#8220;:{&#8222;component&#8220;:&#8220;hc_title&#8220;,&#8220;id&#8220;:&#8220;main-title&#8220;,&#8220;title&#8220;:&#8220;&#8220;,&#8220;subtitle&#8220;:&#8220;&#8220;,&#8220;title_content&#8220;:{&#8222;component&#8220;:&#8220;hc_title_image&#8220;,&#8220;id&#8220;:&#8220;title-image&#8220;,&#8220;image&#8220;:&#8220;https:\\\/\\\/bobcat.si\\\/wp-content\\\/uploads\\\/2024\\\/02\\\/20231207-bobcat-emea-eu-herospot-generators-medium-pg100-1.jpg|250|1000|33511343&#8243;,&#8220;full_screen&#8220;:false,&#8220;full_screen_height&#8220;:&#8220;&#8220;,&#8220;parallax&#8220;:false,&#8220;bleed&#8220;:&#8220;&#8220;,&#8220;ken_burn&#8220;:&#8220;&#8220;,&#8220;overlay&#8220;:&#8220;dotted&#8220;,&#8220;breadcrumbs&#8220;:false,&#8220;white&#8220;:true,&#8220;position&#8220;:&#8220;&#8220;}},&#8220;section_5ZtkF&#8220;:{&#8222;component&#8220;:&#8220;hc_section&#8220;,&#8220;id&#8220;:&#8220;section_5ZtkF&#8220;,&#8220;section_width&#8220;:&#8220;&#8220;,&#8220;animation&#8220;:&#8220;&#8220;,&#8220;animation_time&#8220;:&#8220;&#8220;,&#8220;timeline_animation&#8220;:&#8220;&#8220;,&#8220;timeline_delay&#8220;:&#8220;&#8220;,&#8220;timeline_order&#8220;:&#8220;&#8220;,&#8220;vertical_row&#8220;:&#8220;&#8220;,&#8220;box_middle&#8220;:&#8220;&#8220;,&#8220;css_classes&#8220;:&#8220;no-paddings &#8222;,&#8220;custom_css_classes&#8220;:&#8220;&#8220;,&#8220;custom_css_styles&#8220;:&#8220;&#8220;,&#8220;section_content&#8220;:[{&#8222;component&#8220;:&#8220;hc_column&#8220;,&#8220;id&#8220;:&#8220;column_P93uK&#8220;,&#8220;column_width&#8220;:&#8220;col-md-12&#8243;,&#8220;animation&#8220;:&#8220;&#8220;,&#8220;animation_time&#8220;:&#8220;&#8220;,&#8220;timeline_animation&#8220;:&#8220;&#8220;,&#8220;timeline_delay&#8220;:&#8220;&#8220;,&#8220;timeline_order&#8220;:&#8220;&#8220;,&#8220;css_classes&#8220;:&#8220;&#8220;,&#8220;custom_css_classes&#8220;:&#8220;&#8220;,&#8220;custom_css_styles&#8220;:&#8220;&#8220;,&#8220;main_content&#8220;:[{&#8222;component&#8220;:&#8220;hc_space&#8220;,&#8220;id&#8220;:&#8220;UAGTV&#8220;,&#8220;css_classes&#8220;:&#8220;&#8220;,&#8220;custom_css_classes&#8220;:&#8220;&#8220;,&#8220;custom_css_styles&#8220;:&#8220;&#8220;,&#8220;size&#8220;:&#8220;m&#8220;,&#8220;height&#8220;:&#8220;&#8220;},{&#8222;component&#8220;:&#8220;hc_title_tag&#8220;,&#8220;id&#8220;:&#8220;rgShR&#8220;,&#8220;css_classes&#8220;:&#8220;middle-content &#8222;,&#8220;custom_css_classes&#8220;:&#8220;&#8220;,&#8220;custom_css_styles&#8220;:&#8220;&#8220;,&#8220;text&#8220;:&#8220;\\u0413\\u0435\\u043d\\u0435\\u0440\\u0430\\u0442\\u043e\\u0440\\u0438&#8243;,&#8220;tag&#8220;:&#8220;h2&#8243;},{&#8222;component&#8220;:&#8220;hc_space&#8220;,&#8220;id&#8220;:&#8220;aFPY8&#8243;,&#8220;css_classes&#8220;:&#8220;&#8220;,&#8220;custom_css_classes&#8220;:&#8220;&#8220;,&#8220;custom_css_styles&#8220;:&#8220;&#8220;,&#8220;size&#8220;:&#8220;m&#8220;,&#8220;height&#8220;:&#8220;&#8220;},{&#8222;component&#8220;:&#8220;hc_text_block&#8220;,&#8220;id&#8220;:&#8220;SSOAD&#8220;,&#8220;css_classes&#8220;:&#8220;&#8220;,&#8220;custom_css_classes&#8220;:&#8220;&#8220;,&#8220;custom_css_styles&#8220;:&#8220;&#8220;,&#8220;content&#8220;:&#8220;\\u0413\\u0435\\u043d\\u0435\\u0440\\u0430\\u0442\\u043e\\u0440\\u0438\\u0442\\u0435 Bobcat \\u043f\\u0440\\u0435\\u0434\\u043b\\u0430\\u0433\\u0430\\u0442 \\u0435\\u0444\\u0435\\u043a\\u0442\\u0438\\u0432\\u043d\\u0438 \\u0438 \\u0430\\u0434\\u0430\\u043f\\u0442\\u0438\\u0432\\u043d\\u0438 \\u0440\\u0435\\u0448\\u0435\\u043d\\u0438\\u044f \\u0437\\u0430 \\u0437\\u0430\\u0445\\u0440\\u0430\\u043d\\u0432\\u0430\\u043d\\u0435. \\u0411\\u043b\\u0430\\u0433\\u043e\\u0434\\u0430\\u0440\\u0435\\u043d\\u0438\\u0435 \\u043d\\u0430 \\u0438\\u043d\\u043e\\u0432\\u0430\\u0442\\u0438\\u0432\\u043d\\u0438\\u044f \\u0434\\u0438\\u0437\\u0430\\u0439\\u043d \\u0438 \\u0438\\u0437\\u043f\\u043e\\u043b\\u0437\\u0432\\u0430\\u043d\\u0435\\u0442\\u043e \\u043d\\u0430 \\u0434\\u043e\\u043a\\u0430\\u0437\\u0430\\u043d\\u0438 \\u043a\\u043e\\u043c\\u043f\\u043e\\u043d\\u0435\\u043d\\u0442\\u0438 \\u0442\\u0435\\u0437\\u0438 \\u0433\\u0435\\u043d\\u0435\\u0440\\u0430\\u0442\\u043e\\u0440\\u0438 \\u0441\\u0435 \\u043e\\u0442\\u043b\\u0438\\u0447\\u0430\\u0432\\u0430\\u0442 \\u0441 \\u043d\\u0438\\u0441\\u044a\\u043a \\u0448\\u0443\\u043c, \\u043d\\u0430\\u043c\\u0430\\u043b\\u0435\\u043d \\u0440\\u0430\\u0437\\u0445\\u043e\\u0434 \\u043d\\u0430 \\u0433\\u043e\\u0440\\u0438\\u0432\\u043e \\u0438 \\u0443\\u0434\\u044a\\u043b\\u0436\\u0435\\u043d\\u0430 \\u0435\\u0444\\u0435\\u043a\\u0442\\u0438\\u0432\\u043d\\u043e\\u0441\\u0442 \\u0432 \\u043f\\u0440\\u0435\\u0434\\u0438\\u0437\\u0432\\u0438\\u043a\\u0430\\u0442\\u0435\\u043b\\u043d\\u0438 \\u0443\\u0441\\u043b\\u043e\\u0432\\u0438\\u044f. \\u0412\\u044a\\u0437\\u043c\\u043e\\u0436\\u043d\\u043e\\u0441\\u0442\\u0438\\u0442\\u0435 \\u0437\\u0430 \\u043f\\u0435\\u0440\\u0441\\u043e\\u043d\\u0430\\u043b\\u0438\\u0437\\u0438\\u0440\\u0430\\u043d\\u0435 \\u0433\\u0430\\u0440\\u0430\\u043d\\u0442\\u0438\\u0440\\u0430\\u0442 \\u043f\\u0435\\u0440\\u0444\\u0435\\u043a\\u0442\\u043d\\u043e \\u043f\\u0440\\u0438\\u0441\\u043f\\u043e\\u0441\\u043e\\u0431\\u044f\\u0432\\u0430\\u043d\\u0435 \\u043a\\u044a\\u043c \\u0440\\u0430\\u0437\\u043b\\u0438\\u0447\\u043d\\u0438\\u0442\\u0435 \\u043d\\u0435\\u043e\\u0431\\u0445\\u043e\\u0434\\u0438\\u043c\\u043e\\u0441\\u0442\\u0438. \\u041e\\u0442 \\u043f\\u0440\\u0435\\u043a\\u044a\\u0441\\u0432\\u0430\\u043d\\u0438\\u044f \\u043d\\u0430 \\u0435\\u043b\\u0435\\u043a\\u0442\\u0440\\u043e\\u0437\\u0430\\u0445\\u0440\\u0430\\u043d\\u0432\\u0430\\u043d\\u0435\\u0442\\u043e \\u0438 \\u0438\\u0437\\u0432\\u044a\\u043d\\u0440\\u0435\\u0434\\u043d\\u0438 \\u0441\\u0438\\u0442\\u0443\\u0430\\u0446\\u0438\\u0438 \\u0434\\u043e \\u0441\\u043f\\u043e\\u0440\\u0442\\u043d\\u0438 \\u0441\\u044a\\u0431\\u0438\\u0442\\u0438\\u044f \\u0438 \\u043c\\u0443\\u0437\\u0438\\u043a\\u0430\\u043b\\u043d\\u0438 \\u0444\\u0435\\u0441\\u0442\\u0438\\u0432\\u0430\\u043b\\u0438 &#8211; \\u0433\\u0435\\u043d\\u0435\\u0440\\u0430\\u0442\\u043e\\u0440\\u0438\\u0442\\u0435 Bobcat \\u0441\\u0430 \\u0432\\u043e\\u0434\\u0435\\u0449\\u0438 \\u0432 \\u043e\\u0431\\u043b\\u0430\\u0441\\u0442\\u0442\\u0430 \\u043d\\u0430 \\u043f\\u0440\\u043e\\u0438\\u0437\\u0432\\u043e\\u0434\\u0438\\u0442\\u0435\\u043b\\u043d\\u043e\\u0441\\u0442\\u0442\\u0430 \\u0438 \\u043f\\u0435\\u0440\\u0441\\u043e\\u043d\\u0430\\u043b\\u0438\\u0437\\u0438\\u0440\\u0430\\u043d\\u0435\\u0442\\u043e.&#8220;},{&#8222;component&#8220;:&#8220;hc_space&#8220;,&#8220;id&#8220;:&#8220;w1zdy&#8220;,&#8220;css_classes&#8220;:&#8220;&#8220;,&#8220;custom_css_classes&#8220;:&#8220;&#8220;,&#8220;custom_css_styles&#8220;:&#8220;&#8220;,&#8220;size&#8220;:&#8220;s&#8220;,&#8220;height&#8220;:&#8220;&#8220;}]}],&#8220;section_settings&#8220;:&#8220;&#8220;},&#8220;section_RZHhw&#8220;:{&#8222;component&#8220;:&#8220;hc_section&#8220;,&#8220;id&#8220;:&#8220;section_RZHhw&#8220;,&#8220;section_width&#8220;:&#8220;&#8220;,&#8220;animation&#8220;:&#8220;&#8220;,&#8220;animation_time&#8220;:&#8220;&#8220;,&#8220;timeline_animation&#8220;:&#8220;&#8220;,&#8220;timeline_delay&#8220;:&#8220;&#8220;,&#8220;timeline_order&#8220;:&#8220;&#8220;,&#8220;vertical_row&#8220;:&#8220;&#8220;,&#8220;box_middle&#8220;:&#8220;&#8220;,&#8220;css_classes&#8220;:&#8220;no-paddings &#8222;,&#8220;custom_css_classes&#8220;:&#8220;bg-white&#8220;,&#8220;custom_css_styles&#8220;:&#8220;&#8220;,&#8220;section_content&#8220;:[{&#8222;component&#8220;:&#8220;hc_column&#8220;,&#8220;id&#8220;:&#8220;column_f3hMC&#8220;,&#8220;column_width&#8220;:&#8220;col-md-6&#8243;,&#8220;animation&#8220;:&#8220;&#8220;,&#8220;animation_time&#8220;:&#8220;&#8220;,&#8220;timeline_animation&#8220;:&#8220;&#8220;,&#8220;timeline_delay&#8220;:&#8220;&#8220;,&#8220;timeline_order&#8220;:&#8220;&#8220;,&#8220;css_classes&#8220;:&#8220;&#8220;,&#8220;custom_css_classes&#8220;:&#8220;&#8220;,&#8220;custom_css_styles&#8220;:&#8220;&#8220;,&#8220;main_content&#8220;:[{&#8222;component&#8220;:&#8220;hc_space&#8220;,&#8220;id&#8220;:&#8220;qHH4Z&#8220;,&#8220;css_classes&#8220;:&#8220;&#8220;,&#8220;custom_css_classes&#8220;:&#8220;&#8220;,&#8220;custom_css_styles&#8220;:&#8220;&#8220;,&#8220;size&#8220;:&#8220;s&#8220;,&#8220;height&#8220;:&#8220;&#8220;},{&#8222;component&#8220;:&#8220;hc_adv_image_box&#8220;,&#8220;id&#8220;:&#8220;R1TQi&#8220;,&#8220;css_classes&#8220;:&#8220;&#8220;,&#8220;custom_css_classes&#8220;:&#8220;&#8220;,&#8220;custom_css_styles&#8220;:&#8220;&#8220;,&#8220;image&#8220;:&#8220;https:\\\/\\\/bobcat.si\\\/wp-content\\\/uploads\\\/2024\\\/02\\\/20231128-bobcat-emea-small-generators-pg20.jpg|400|700|33511349&#8243;,&#8220;icon&#8220;:&#8220;&#8220;,&#8220;title&#8220;:&#8220;\\u041a\\u043e\\u043c\\u043f\\u0430\\u043a\\u0442\\u043d\\u0438 \\u0433\\u0435\\u043d\\u0435\\u0440\\u0430\\u0442\\u043e\\u0440\\u0438&#8243;,&#8220;box_style&#8220;:&#8220;down_text&#8220;,&#8220;image_animation&#8220;:&#8220;&#8220;,&#8220;hidden_content&#8220;:false,&#8220;thumb_size&#8220;:&#8220;full&#8220;,&#8220;button_text&#8220;:&#8220;&#8220;,&#8220;button_style&#8220;:&#8220;circle&#8220;,&#8220;button_dimensions&#8220;:&#8220;&#8220;,&#8220;button_animation&#8220;:false,&#8220;extra_text&#8220;:&#8220;&#8220;,&#8220;subtitle&#8220;:&#8220;&#8220;,&#8220;text&#8220;:&#8220;\\u041f\\u043e\\u0434\\u043e\\u0431\\u0440\\u0435\\u0442\\u0435 \\u0440\\u0435\\u0448\\u0435\\u043d\\u0438\\u044f\\u0442\\u0430 \\u0441\\u0438 \\u0437\\u0430 \\u0437\\u0430\\u0445\\u0440\\u0430\\u043d\\u0432\\u0430\\u043d\\u0435 \\u0441 \\u0433\\u0430\\u043c\\u0430\\u0442\\u0430 \\u043e\\u0442 \\u043a\\u043e\\u043c\\u043f\\u0430\\u043a\\u0442\\u043d\\u0438 \\u0433\\u0435\\u043d\\u0435\\u0440\\u0430\\u0442\\u043e\\u0440\\u0438 \\u043d\\u0430 Bobcat.&#8220;,&#8220;link_type&#8220;:&#8220;classic&#8220;,&#8220;lightbox_animation&#8220;:&#8220;&#8220;,&#8220;caption&#8220;:&#8220;&#8220;,&#8220;inner_caption&#8220;:false,&#8220;new_window&#8220;:false,&#8220;link&#8220;:&#8220;https:\\\/\\\/bobcat.si\\\/kompaktni-generatori\\\/&#8220;,&#8220;link_content&#8220;:[],&#8220;lightbox_size&#8220;:&#8220;&#8220;,&#8220;scrollbox&#8220;:false},{&#8222;component&#8220;:&#8220;hc_space&#8220;,&#8220;id&#8220;:&#8220;K25NA&#8220;,&#8220;css_classes&#8220;:&#8220;&#8220;,&#8220;custom_css_classes&#8220;:&#8220;&#8220;,&#8220;custom_css_styles&#8220;:&#8220;&#8220;,&#8220;size&#8220;:&#8220;s&#8220;,&#8220;height&#8220;:&#8220;70&#8243;},{&#8222;component&#8220;:&#8220;hc_button&#8220;,&#8220;id&#8220;:&#8220;rohHJ&#8220;,&#8220;css_classes&#8220;:&#8220;middle-content &#8222;,&#8220;custom_css_classes&#8220;:&#8220;&#8220;,&#8220;custom_css_styles&#8220;:&#8220;&#8220;,&#8220;icon&#8220;:&#8220;&#8220;,&#8220;style&#8220;:&#8220;circle&#8220;,&#8220;size&#8220;:&#8220;&#8220;,&#8220;position&#8220;:&#8220;left&#8220;,&#8220;animation&#8220;:false,&#8220;text&#8220;:&#8220;\\u0412\\u0438\\u0436\\u0442\\u0435 \\u043f\\u043e\\u0432\\u0435\\u0447\\u0435&#8243;,&#8220;link_type&#8220;:&#8220;classic&#8220;,&#8220;lightbox_animation&#8220;:&#8220;&#8220;,&#8220;caption&#8220;:&#8220;&#8220;,&#8220;inner_caption&#8220;:false,&#8220;new_window&#8220;:false,&#8220;link&#8220;:&#8220;https:\\\/\\\/bobcat.si\\\/kompaktni-generatori\\\/&#8220;,&#8220;link_content&#8220;:[],&#8220;lightbox_size&#8220;:&#8220;&#8220;,&#8220;scrollbox&#8220;:false},{&#8222;component&#8220;:&#8220;hc_space&#8220;,&#8220;id&#8220;:&#8220;R2rBu&#8220;,&#8220;css_classes&#8220;:&#8220;&#8220;,&#8220;custom_css_classes&#8220;:&#8220;&#8220;,&#8220;custom_css_styles&#8220;:&#8220;&#8220;,&#8220;size&#8220;:&#8220;m&#8220;,&#8220;height&#8220;:&#8220;200&#8243;}]},{&#8222;component&#8220;:&#8220;hc_column&#8220;,&#8220;id&#8220;:&#8220;column_j3eFy&#8220;,&#8220;column_width&#8220;:&#8220;col-md-6&#8243;,&#8220;animation&#8220;:&#8220;&#8220;,&#8220;animation_time&#8220;:&#8220;&#8220;,&#8220;timeline_animation&#8220;:&#8220;&#8220;,&#8220;timeline_delay&#8220;:&#8220;&#8220;,&#8220;timeline_order&#8220;:&#8220;&#8220;,&#8220;css_classes&#8220;:&#8220;&#8220;,&#8220;custom_css_classes&#8220;:&#8220;&#8220;,&#8220;custom_css_styles&#8220;:&#8220;&#8220;,&#8220;main_content&#8220;:[{&#8222;component&#8220;:&#8220;hc_space&#8220;,&#8220;id&#8220;:&#8220;IOolJ&#8220;,&#8220;css_classes&#8220;:&#8220;&#8220;,&#8220;custom_css_classes&#8220;:&#8220;&#8220;,&#8220;custom_css_styles&#8220;:&#8220;&#8220;,&#8220;size&#8220;:&#8220;s&#8220;,&#8220;height&#8220;:&#8220;&#8220;},{&#8222;component&#8220;:&#8220;hc_adv_image_box&#8220;,&#8220;id&#8220;:&#8220;cEOqo&#8220;,&#8220;css_classes&#8220;:&#8220;&#8220;,&#8220;custom_css_classes&#8220;:&#8220;&#8220;,&#8220;custom_css_styles&#8220;:&#8220;&#8220;,&#8220;image&#8220;:&#8220;https:\\\/\\\/bobcat.si\\\/wp-content\\\/uploads\\\/2024\\\/02\\\/20231123-bobcat-emea-medium-air-compressor-pa14-12v-1-1.jpg|400|700|33511353&#8243;,&#8220;icon&#8220;:&#8220;&#8220;,&#8220;title&#8220;:&#8220;\\u0421\\u0440\\u0435\\u0434\\u043d\\u0438 \\u0433\\u0435\\u043d\\u0435\\u0440\\u0430\\u0442\\u043e\\u0440\\u0438&#8243;,&#8220;box_style&#8220;:&#8220;down_text&#8220;,&#8220;image_animation&#8220;:&#8220;&#8220;,&#8220;hidden_content&#8220;:false,&#8220;thumb_size&#8220;:&#8220;full&#8220;,&#8220;button_text&#8220;:&#8220;&#8220;,&#8220;button_style&#8220;:&#8220;circle&#8220;,&#8220;button_dimensions&#8220;:&#8220;&#8220;,&#8220;button_animation&#8220;:false,&#8220;extra_text&#8220;:&#8220;&#8220;,&#8220;subtitle&#8220;:&#8220;&#8220;,&#8220;text&#8220;:&#8220;\\u0423\\u043d\\u0438\\u0432\\u0435\\u0440\\u0441\\u0430\\u043b\\u043d\\u0430\\u0442\\u0430 \\u043b\\u0438\\u043d\\u0438\\u044f \\u043e\\u0442 \\u0441\\u0440\\u0435\\u0434\\u043d\\u0438 \\u0433\\u0435\\u043d\\u0435\\u0440\\u0430\\u0442\\u043e\\u0440\\u0438 \\u043d\\u0430 Bobcat \\u0435 \\u0432\\u043d\\u0438\\u043c\\u0430\\u0442\\u0435\\u043b\\u043d\\u043e \\u043f\\u0440\\u043e\\u0435\\u043a\\u0442\\u0438\\u0440\\u0430\\u043d\\u0430, \\u0437\\u0430 \\u0434\\u0430 \\u043e\\u0441\\u0438\\u0433\\u0443\\u0440\\u0438 \\u043d\\u0430\\u0434\\u0435\\u0436\\u0434\\u043d\\u0438 \\u0440\\u0435\\u0448\\u0435\\u043d\\u0438\\u044f \\u0437\\u0430 \\u0437\\u0430\\u0445\\u0440\\u0430\\u043d\\u0432\\u0430\\u043d\\u0435 \\u043d\\u0430 \\u0440\\u0430\\u0437\\u043b\\u0438\\u0447\\u043d\\u0438 \\u043f\\u0440\\u0438\\u043b\\u043e\\u0436\\u0435\\u043d\\u0438\\u044f, \\u0432\\u043a\\u043b\\u044e\\u0447\\u0438\\u0442\\u0435\\u043b\\u043d\\u043e \\u0440\\u0435\\u0441\\u0442\\u043e\\u0440\\u0430\\u043d\\u0442\\u0438 \\u0438 \\u043e\\u0445\\u043b\\u0430\\u0434\\u0438\\u0442\\u0435\\u043b\\u043d\\u0438 \\u043e\\u0442\\u0434\\u0435\\u043b\\u0435\\u043d\\u0438\\u044f.&#8220;,&#8220;link_type&#8220;:&#8220;classic&#8220;,&#8220;lightbox_animation&#8220;:&#8220;&#8220;,&#8220;caption&#8220;:&#8220;&#8220;,&#8220;inner_caption&#8220;:false,&#8220;new_window&#8220;:false,&#8220;link&#8220;:&#8220;https:\\\/\\\/bobcat.si\\\/sredni-generatori\\\/&#8220;,&#8220;link_content&#8220;:[],&#8220;lightbox_size&#8220;:&#8220;&#8220;,&#8220;scrollbox&#8220;:false},{&#8222;component&#8220;:&#8220;hc_space&#8220;,&#8220;id&#8220;:&#8220;ecqSz&#8220;,&#8220;css_classes&#8220;:&#8220;&#8220;,&#8220;custom_css_classes&#8220;:&#8220;&#8220;,&#8220;custom_css_styles&#8220;:&#8220;&#8220;,&#8220;size&#8220;:&#8220;s&#8220;,&#8220;height&#8220;:&#8220;&#8220;},{&#8222;component&#8220;:&#8220;hc_button&#8220;,&#8220;id&#8220;:&#8220;A5kil&#8220;,&#8220;css_classes&#8220;:&#8220;middle-content &#8222;,&#8220;custom_css_classes&#8220;:&#8220;&#8220;,&#8220;custom_css_styles&#8220;:&#8220;&#8220;,&#8220;icon&#8220;:&#8220;&#8220;,&#8220;style&#8220;:&#8220;circle&#8220;,&#8220;size&#8220;:&#8220;&#8220;,&#8220;position&#8220;:&#8220;left&#8220;,&#8220;animation&#8220;:false,&#8220;text&#8220;:&#8220;\\u0412\\u0438\\u0436\\u0442\\u0435 \\u043f\\u043e\\u0432\\u0435\\u0447\\u0435&#8243;,&#8220;link_type&#8220;:&#8220;classic&#8220;,&#8220;lightbox_animation&#8220;:&#8220;&#8220;,&#8220;caption&#8220;:&#8220;&#8220;,&#8220;inner_caption&#8220;:false,&#8220;new_window&#8220;:false,&#8220;link&#8220;:&#8220;https:\\\/\\\/bobcat.si\\\/sredni-generatori\\\/&#8220;,&#8220;link_content&#8220;:[],&#8220;lightbox_size&#8220;:&#8220;&#8220;,&#8220;scrollbox&#8220;:false},{&#8222;component&#8220;:&#8220;hc_space&#8220;,&#8220;id&#8220;:&#8220;uJ0hS&#8220;,&#8220;css_classes&#8220;:&#8220;&#8220;,&#8220;custom_css_classes&#8220;:&#8220;&#8220;,&#8220;custom_css_styles&#8220;:&#8220;&#8220;,&#8220;size&#8220;:&#8220;m&#8220;,&#8220;height&#8220;:&#8220;&#8220;}]}],&#8220;section_settings&#8220;:&#8220;&#8220;},&#8220;column_NTgEF&#8220;:{&#8222;id&#8220;:&#8220;column_NTgEF&#8220;,&#8220;main_content&#8220;:{&#8222;component&#8220;:&#8220;hc_space&#8220;,&#8220;id&#8220;:&#8220;ecqSz&#8220;,&#8220;css_classes&#8220;:&#8220;&#8220;,&#8220;custom_css_classes&#8220;:&#8220;&#8220;,&#8220;custom_css_styles&#8220;:&#8220;&#8220;,&#8220;size&#8220;:&#8220;s&#8220;,&#8220;height&#8220;:&#8220;&#8220;}},&#8220;column_agcrD&#8220;:{&#8222;id&#8220;:&#8220;column_agcrD&#8220;,&#8220;main_content&#8220;:{&#8222;component&#8220;:&#8220;hc_space&#8220;,&#8220;id&#8220;:&#8220;uJ0hS&#8220;,&#8220;css_classes&#8220;:&#8220;&#8220;,&#8220;custom_css_classes&#8220;:&#8220;&#8220;,&#8220;custom_css_styles&#8220;:&#8220;&#8220;,&#8220;size&#8220;:&#8220;m&#8220;,&#8220;height&#8220;:&#8220;&#8220;}},&#8220;scripts&#8220;:{&#8222;lightbox&#8220;:&#8220;jquery.magnific-popup.min.js&#8220;},&#8220;css&#8220;:{&#8222;lightbox&#8220;:&#8220;scripts\\\/magnific-popup.css&#8220;,&#8220;image_box&#8220;:&#8220;css\\\/image-box.css&#8220;},&#8220;css_page&#8220;:&#8220;&#8220;,&#8220;template_setting&#8220;:{&#8222;settings&#8220;:{&#8222;id&#8220;:&#8220;settings&#8220;}},&#8220;template_setting_top&#8220;:[],&#8220;page_setting&#8220;:{&#8222;settings&#8220;:[&#8222;lock-mode-off&#8220;]}}<\/p>","protected":false},"excerpt":{"rendered":"<p>Generatorji Bobcat ponujajo u\u010dinkovite in prilagodljive re\u0161itve za napajanje. Zahvaljujo\u010d inovativni zasnovi in uporabi preizku\u0161enih komponent se ti generatorji odlikujejo z nizkim hrupom, zmanj\u0161ano porabo goriva in podalj\u0161ano u\u010dinkovitostjo v zahtevnih pogojih. Mo\u017enosti prilagoditve zagotavljajo popolno prilagoditev razli\u010dnim potrebam. <\/p>","protected":false},"author":2,"featured_media":0,"parent":0,"menu_order":0,"comment_status":"closed","ping_status":"closed","template":"","meta":{"_coblocks_attr":"","_coblocks_dimensions":"","_coblocks_responsive_height":"","_coblocks_accordion_ie_support":"","pgc_sgb_lightbox_settings":"","footnotes":""},"class_list":["post-33511340","page","type-page","status-publish","hentry"],"featured_image_src":null,"_links":{"self":[{"href":"https:\/\/bobcat.si\/sl\/wp-json\/wp\/v2\/pages\/33511340","targetHints":{"allow":["GET"]}}],"collection":[{"href":"https:\/\/bobcat.si\/sl\/wp-json\/wp\/v2\/pages"}],"about":[{"href":"https:\/\/bobcat.si\/sl\/wp-json\/wp\/v2\/types\/page"}],"author":[{"embeddable":true,"href":"https:\/\/bobcat.si\/sl\/wp-json\/wp\/v2\/users\/2"}],"replies":[{"embeddable":true,"href":"https:\/\/bobcat.si\/sl\/wp-json\/wp\/v2\/comments?post=33511340"}],"version-history":[{"count":0,"href":"https:\/\/bobcat.si\/sl\/wp-json\/wp\/v2\/pages\/33511340\/revisions"}],"wp:attachment":[{"href":"https:\/\/bobcat.si\/sl\/wp-json\/wp\/v2\/media?parent=33511340"}],"curies":[{"name":"delovni list","href":"https:\/\/api.w.org\/{rel}","templated":true}]}}