{"id":33511403,"date":"2024-02-19T16:22:39","date_gmt":"2024-02-19T14:22:39","guid":{"rendered":"https:\/\/bobcat.agma.studio\/?page_id=33511403"},"modified":"2024-02-22T14:39:53","modified_gmt":"2024-02-22T12:39:53","slug":"kompaktni-zracni-kompresorji","status":"publish","type":"page","link":"https:\/\/bobcat.si\/sl\/kompaktni-zracni-kompresorji\/","title":{"rendered":"Kompaktni zra\u010dni kompresorji"},"content":{"rendered":"<p>{&#8222;main-title&#8220;:{&#8222;component&#8220;:&#8220;hc_title&#8220;,&#8220;id&#8220;:&#8220;main-title&#8220;,&#8220;title&#8220;:&#8220;&#8220;,&#8220;subtitle&#8220;:&#8220;&#8220;,&#8220;title_content&#8220;:{&#8222;component&#8220;:&#8220;hc_title_image&#8220;,&#8220;id&#8220;:&#8220;title-image&#8220;,&#8220;image&#8220;:&#8220;https:\\\/\\\/bobcat.si\\\/wp-content\\\/uploads\\\/2024\\\/02\\\/20231207-bobcat-emea-eu-herospot-air-compressors-small-pa7-20-1-1-1.jpg|120|512|33511404&#8243;,&#8220;full_screen&#8220;:false,&#8220;full_screen_height&#8220;:&#8220;&#8220;,&#8220;parallax&#8220;:false,&#8220;bleed&#8220;:&#8220;&#8220;,&#8220;ken_burn&#8220;:&#8220;&#8220;,&#8220;overlay&#8220;:&#8220;dotted&#8220;,&#8220;breadcrumbs&#8220;:false,&#8220;white&#8220;:true,&#8220;position&#8220;:&#8220;&#8220;}},&#8220;section_5ZtkF&#8220;:{&#8222;component&#8220;:&#8220;hc_section&#8220;,&#8220;id&#8220;:&#8220;section_5ZtkF&#8220;,&#8220;section_width&#8220;:&#8220;&#8220;,&#8220;animation&#8220;:&#8220;&#8220;,&#8220;animation_time&#8220;:&#8220;&#8220;,&#8220;timeline_animation&#8220;:&#8220;&#8220;,&#8220;timeline_delay&#8220;:&#8220;&#8220;,&#8220;timeline_order&#8220;:&#8220;&#8220;,&#8220;vertical_row&#8220;:&#8220;&#8220;,&#8220;box_middle&#8220;:&#8220;&#8220;,&#8220;css_classes&#8220;:&#8220;no-paddings &#8222;,&#8220;custom_css_classes&#8220;:&#8220;&#8220;,&#8220;custom_css_styles&#8220;:&#8220;&#8220;,&#8220;section_content&#8220;:[{&#8222;component&#8220;:&#8220;hc_column&#8220;,&#8220;id&#8220;:&#8220;column_P93uK&#8220;,&#8220;column_width&#8220;:&#8220;col-md-12&#8243;,&#8220;animation&#8220;:&#8220;&#8220;,&#8220;animation_time&#8220;:&#8220;&#8220;,&#8220;timeline_animation&#8220;:&#8220;&#8220;,&#8220;timeline_delay&#8220;:&#8220;&#8220;,&#8220;timeline_order&#8220;:&#8220;&#8220;,&#8220;css_classes&#8220;:&#8220;&#8220;,&#8220;custom_css_classes&#8220;:&#8220;&#8220;,&#8220;custom_css_styles&#8220;:&#8220;&#8220;,&#8220;main_content&#8220;:[{&#8222;component&#8220;:&#8220;hc_space&#8220;,&#8220;id&#8220;:&#8220;UAGTV&#8220;,&#8220;css_classes&#8220;:&#8220;&#8220;,&#8220;custom_css_classes&#8220;:&#8220;&#8220;,&#8220;custom_css_styles&#8220;:&#8220;&#8220;,&#8220;size&#8220;:&#8220;m&#8220;,&#8220;height&#8220;:&#8220;&#8220;},{&#8222;component&#8220;:&#8220;hc_text_block&#8220;,&#8220;id&#8220;:&#8220;SSOAD&#8220;,&#8220;css_classes&#8220;:&#8220;&#8220;,&#8220;custom_css_classes&#8220;:&#8220;&#8220;,&#8220;custom_css_styles&#8220;:&#8220;&#8220;,&#8220;content&#8220;:&#8220;\\u041c\\u0430\\u043b\\u043a\\u0438\\u0442\\u0435 \\u0432\\u044a\\u0437\\u0434\\u0443\\u0448\\u043d\\u0438 \\u043a\\u043e\\u043c\\u043f\\u0440\\u0435\\u0441\\u043e\\u0440\\u0438 \\u043d\\u0430 Bobcat \\u0441\\u0430 \\u043a\\u043e\\u043d\\u0441\\u0442\\u0440\\u0443\\u0438\\u0440\\u0430\\u043d\\u0438 \\u0442\\u0430\\u043a\\u0430, \\u0447\\u0435 \\u0434\\u0430 \\u043f\\u043e\\u0441\\u0442\\u0438\\u0433\\u0430\\u0442 \\u043f\\u0435\\u0440\\u0444\\u0435\\u043a\\u0442\\u043d\\u0438\\u044f \\u0431\\u0430\\u043b\\u0430\\u043d\\u0441 \\u043c\\u0435\\u0436\\u0434\\u0443 \\u0432\\u0438\\u0441\\u043e\\u043a\\u0430 \\u043f\\u0440\\u043e\\u0438\\u0437\\u0432\\u043e\\u0434\\u0438\\u0442\\u0435\\u043b\\u043d\\u043e\\u0441\\u0442, \\u0437\\u0434\\u0440\\u0430\\u0432\\u0438\\u043d\\u0430 \\u0438 \\u043d\\u0430\\u0434\\u0435\\u0436\\u0434\\u043d\\u043e\\u0441\\u0442. \\u041f\\u0440\\u0435\\u0434\\u043e\\u0441\\u0442\\u0430\\u0432\\u044f\\u0439\\u043a\\u0438 \\u0443\\u043d\\u0438\\u0432\\u0435\\u0440\\u0441\\u0430\\u043b\\u0435\\u043d \\u0434\\u0438\\u0430\\u043f\\u0430\\u0437\\u043e\\u043d \\u043e\\u0442 2-5 m\\u00b3\\\/min \\u0441\\u0432\\u043e\\u0431\\u043e\\u0434\\u0435\\u043d \\u0432\\u044a\\u0437\\u0434\\u0443\\u0445 \\u0438 \\u043f\\u043e\\u0434\\u0434\\u044a\\u0440\\u0436\\u0430\\u0439\\u043a\\u0438 \\u043d\\u0430\\u043b\\u044f\\u0433\\u0430\\u043d\\u0435 \\u043e\\u0442 7 \\u0434\\u043e 14 bar, \\u0442\\u0435\\u0437\\u0438 \\u043c\\u0430\\u0448\\u0438\\u043d\\u0438 \\u0441\\u0435 \\u043e\\u0442\\u043b\\u0438\\u0447\\u0430\\u0432\\u0430\\u0442 \\u0441 \\u043e\\u0442\\u043b\\u0438\\u0447\\u043d\\u0438 \\u043a\\u0430\\u0447\\u0435\\u0441\\u0442\\u0432\\u0430 \\u0432 \\u0440\\u0430\\u0437\\u043b\\u0438\\u0447\\u043d\\u0438 \\u043f\\u0440\\u0438\\u043b\\u043e\\u0436\\u0435\\u043d\\u0438\\u044f. \\u041d\\u0435\\u0437\\u0430\\u0432\\u0438\\u0441\\u0438\\u043c\\u043e \\u0434\\u0430\\u043b\\u0438 \\u0441\\u0442\\u0430\\u0432\\u0430 \\u0432\\u044a\\u043f\\u0440\\u043e\\u0441 \\u0437\\u0430 \\u043f\\u043e\\u0434\\u0434\\u0440\\u044a\\u0436\\u043a\\u0430 \\u043d\\u0430 \\u043f\\u044a\\u0442\\u0438\\u0449\\u0430 \\u0438\\u043b\\u0438 \\u0438\\u043d\\u0434\\u0443\\u0441\\u0442\\u0440\\u0438\\u0430\\u043b\\u043d\\u0430 \\u0440\\u0430\\u0431\\u043e\\u0442\\u0430, \\u0442\\u0435\\u0437\\u0438 \\u043a\\u043e\\u043c\\u043f\\u0440\\u0435\\u0441\\u043e\\u0440\\u0438 \\u043e\\u0442\\u0433\\u043e\\u0432\\u0430\\u0440\\u044f\\u0442 \\u043d\\u0430 \\u043e\\u0447\\u0430\\u043a\\u0432\\u0430\\u043d\\u0438\\u044f\\u0442\\u0430 \\u0432\\u0438 \\u0437\\u0430 \\u0433\\u044a\\u0432\\u043a\\u0430\\u0432\\u043e\\u0441\\u0442 \\u0438 \\u0435\\u0444\\u0435\\u043a\\u0442\\u0438\\u0432\\u043d\\u043e\\u0441\\u0442.&#8220;},{&#8222;component&#8220;:&#8220;hc_space&#8220;,&#8220;id&#8220;:&#8220;w1zdy&#8220;,&#8220;css_classes&#8220;:&#8220;&#8220;,&#8220;custom_css_classes&#8220;:&#8220;&#8220;,&#8220;custom_css_styles&#8220;:&#8220;&#8220;,&#8220;size&#8220;:&#8220;s&#8220;,&#8220;height&#8220;:&#8220;&#8220;}]}],&#8220;section_settings&#8220;:&#8220;&#8220;},&#8220;section_RZHhw&#8220;:{&#8222;component&#8220;:&#8220;hc_section&#8220;,&#8220;id&#8220;:&#8220;section_RZHhw&#8220;,&#8220;section_width&#8220;:&#8220;&#8220;,&#8220;animation&#8220;:&#8220;&#8220;,&#8220;animation_time&#8220;:&#8220;&#8220;,&#8220;timeline_animation&#8220;:&#8220;&#8220;,&#8220;timeline_delay&#8220;:&#8220;&#8220;,&#8220;timeline_order&#8220;:&#8220;&#8220;,&#8220;vertical_row&#8220;:&#8220;&#8220;,&#8220;box_middle&#8220;:&#8220;&#8220;,&#8220;css_classes&#8220;:&#8220;no-paddings &#8222;,&#8220;custom_css_classes&#8220;:&#8220;bg-white&#8220;,&#8220;custom_css_styles&#8220;:&#8220;&#8220;,&#8220;section_content&#8220;:[{&#8222;component&#8220;:&#8220;hc_column&#8220;,&#8220;id&#8220;:&#8220;column_f3hMC&#8220;,&#8220;column_width&#8220;:&#8220;col-md-6&#8243;,&#8220;animation&#8220;:&#8220;&#8220;,&#8220;animation_time&#8220;:&#8220;&#8220;,&#8220;timeline_animation&#8220;:&#8220;&#8220;,&#8220;timeline_delay&#8220;:&#8220;&#8220;,&#8220;timeline_order&#8220;:&#8220;&#8220;,&#8220;css_classes&#8220;:&#8220;&#8220;,&#8220;custom_css_classes&#8220;:&#8220;&#8220;,&#8220;custom_css_styles&#8220;:&#8220;&#8220;,&#8220;main_content&#8220;:[{&#8222;component&#8220;:&#8220;hc_space&#8220;,&#8220;id&#8220;:&#8220;qHH4Z&#8220;,&#8220;css_classes&#8220;:&#8220;&#8220;,&#8220;custom_css_classes&#8220;:&#8220;&#8220;,&#8220;custom_css_styles&#8220;:&#8220;&#8220;,&#8220;size&#8220;:&#8220;s&#8220;,&#8220;height&#8220;:&#8220;&#8220;},{&#8222;component&#8220;:&#8220;hc_adv_image_box&#8220;,&#8220;id&#8220;:&#8220;R1TQi&#8220;,&#8220;css_classes&#8220;:&#8220;&#8220;,&#8220;custom_css_classes&#8220;:&#8220;&#8220;,&#8220;custom_css_styles&#8220;:&#8220;&#8220;,&#8220;image&#8220;:&#8220;https:\\\/\\\/bobcat.si\\\/wp-content\\\/uploads\\\/2024\\\/02\\\/20231123-bobcat-emea-small-air-compressor-pa7-2-studio-1-10-1.jpg|400|600|33511405&#8243;,&#8220;icon&#8220;:&#8220;&#8220;,&#8220;title&#8220;:&#8220;\\u041c\\u0430\\u043b\\u043a\\u0438 \\u0432\\u044a\\u0437\\u0434\\u0443\\u0448\\u043d\\u0438 \\u043a\\u043e\\u043c\\u043f\\u0440\\u0435\\u0441\\u043e\\u0440\\u0438 2 m\\u00b3\\\/min&#8220;,&#8220;box_style&#8220;:&#8220;down_text&#8220;,&#8220;image_animation&#8220;:&#8220;&#8220;,&#8220;hidden_content&#8220;:false,&#8220;thumb_size&#8220;:&#8220;full&#8220;,&#8220;button_text&#8220;:&#8220;&#8220;,&#8220;button_style&#8220;:&#8220;circle&#8220;,&#8220;button_dimensions&#8220;:&#8220;&#8220;,&#8220;button_animation&#8220;:false,&#8220;extra_text&#8220;:&#8220;&#8220;,&#8220;subtitle&#8220;:&#8220;&#8220;,&#8220;text&#8220;:&#8220;\\u041d\\u0430\\u0448\\u0438\\u0442\\u0435 \\u043c\\u0430\\u043b\\u043a\\u0438 \\u0432\\u044a\\u0437\\u0434\\u0443\\u0448\\u043d\\u0438 \\u043a\\u043e\\u043c\\u043f\\u0440\\u0435\\u0441\\u043e\\u0440\\u0438 \\u0441 \\u043a\\u0430\\u043f\\u0430\\u0446\\u0438\\u0442\\u0435\\u0442 2 m\\u00b3\\\/min \\u0441\\u0430 \\u0438\\u0437\\u043a\\u043b\\u044e\\u0447\\u0438\\u0442\\u0435\\u043b\\u043d\\u043e \\u043a\\u043e\\u043c\\u043f\\u0430\\u043a\\u0442\\u043d\\u0438 \\u0438 \\u0443\\u043d\\u0438\\u0432\\u0435\\u0440\\u0441\\u0430\\u043b\\u043d\\u0438 \\u043c\\u0430\\u0448\\u0438\\u043d\\u0438, \\u0438\\u0434\\u0435\\u0430\\u043b\\u043d\\u0438 \\u0437\\u0430 \\u043c\\u043d\\u043e\\u0433\\u043e \\u0440\\u0430\\u0437\\u043b\\u0438\\u0447\\u043d\\u0438 \\u043f\\u0440\\u0438\\u043b\\u043e\\u0436\\u0435\\u043d\\u0438\\u044f.&#8220;,&#8220;link_type&#8220;:&#8220;classic&#8220;,&#8220;lightbox_animation&#8220;:&#8220;&#8220;,&#8220;caption&#8220;:&#8220;&#8220;,&#8220;inner_caption&#8220;:false,&#8220;new_window&#8220;:false,&#8220;link&#8220;:&#8220;https:\\\/\\\/bobcat.si\\\/portfolio\\\/%d0%bc%d0%b0%d0%bb%d0%ba%d0%b8-%d0%b2%d1%8a%d0%b7%d0%b4%d1%83%d1%88%d0%bd%d0%b8-%d0%ba%d0%be%d0%bc%d0%bf%d1%80%d0%b5%d1%81%d0%be%d1%80%d0%b8-2-m%c2%b3-min\\\/&#8220;,&#8220;link_content&#8220;:[],&#8220;lightbox_size&#8220;:&#8220;&#8220;,&#8220;scrollbox&#8220;:false},{&#8222;component&#8220;:&#8220;hc_space&#8220;,&#8220;id&#8220;:&#8220;K25NA&#8220;,&#8220;css_classes&#8220;:&#8220;&#8220;,&#8220;custom_css_classes&#8220;:&#8220;&#8220;,&#8220;custom_css_styles&#8220;:&#8220;&#8220;,&#8220;size&#8220;:&#8220;m&#8220;,&#8220;height&#8220;:&#8220;30&#8243;},{&#8222;component&#8220;:&#8220;hc_button&#8220;,&#8220;id&#8220;:&#8220;rohHJ&#8220;,&#8220;css_classes&#8220;:&#8220;middle-content &#8222;,&#8220;custom_css_classes&#8220;:&#8220;&#8220;,&#8220;custom_css_styles&#8220;:&#8220;&#8220;,&#8220;icon&#8220;:&#8220;&#8220;,&#8220;style&#8220;:&#8220;circle&#8220;,&#8220;size&#8220;:&#8220;&#8220;,&#8220;position&#8220;:&#8220;left&#8220;,&#8220;animation&#8220;:false,&#8220;text&#8220;:&#8220;\\u0412\\u0438\\u0436\\u0442\\u0435 \\u043f\\u043e\\u0432\\u0435\\u0447\\u0435&#8243;,&#8220;link_type&#8220;:&#8220;classic&#8220;,&#8220;lightbox_animation&#8220;:&#8220;&#8220;,&#8220;caption&#8220;:&#8220;&#8220;,&#8220;inner_caption&#8220;:false,&#8220;new_window&#8220;:false,&#8220;link&#8220;:&#8220;https:\\\/\\\/bobcat.si\\\/portfolio\\\/%d0%bc%d0%b0%d0%bb%d0%ba%d0%b8-%d0%b2%d1%8a%d0%b7%d0%b4%d1%83%d1%88%d0%bd%d0%b8-%d0%ba%d0%be%d0%bc%d0%bf%d1%80%d0%b5%d1%81%d0%be%d1%80%d0%b8-2-m%c2%b3-min\\\/&#8220;,&#8220;link_content&#8220;:[],&#8220;lightbox_size&#8220;:&#8220;&#8220;,&#8220;scrollbox&#8220;:false},{&#8222;component&#8220;:&#8220;hc_space&#8220;,&#8220;id&#8220;:&#8220;R2rBu&#8220;,&#8220;css_classes&#8220;:&#8220;&#8220;,&#8220;custom_css_classes&#8220;:&#8220;&#8220;,&#8220;custom_css_styles&#8220;:&#8220;&#8220;,&#8220;size&#8220;:&#8220;m&#8220;,&#8220;height&#8220;:&#8220;200&#8243;}]},{&#8222;component&#8220;:&#8220;hc_column&#8220;,&#8220;id&#8220;:&#8220;column_j3eFy&#8220;,&#8220;column_width&#8220;:&#8220;col-md-6&#8243;,&#8220;animation&#8220;:&#8220;&#8220;,&#8220;animation_time&#8220;:&#8220;&#8220;,&#8220;timeline_animation&#8220;:&#8220;&#8220;,&#8220;timeline_delay&#8220;:&#8220;&#8220;,&#8220;timeline_order&#8220;:&#8220;&#8220;,&#8220;css_classes&#8220;:&#8220;&#8220;,&#8220;custom_css_classes&#8220;:&#8220;&#8220;,&#8220;custom_css_styles&#8220;:&#8220;&#8220;,&#8220;main_content&#8220;:[{&#8222;component&#8220;:&#8220;hc_space&#8220;,&#8220;id&#8220;:&#8220;IOolJ&#8220;,&#8220;css_classes&#8220;:&#8220;&#8220;,&#8220;custom_css_classes&#8220;:&#8220;&#8220;,&#8220;custom_css_styles&#8220;:&#8220;&#8220;,&#8220;size&#8220;:&#8220;s&#8220;,&#8220;height&#8220;:&#8220;&#8220;},{&#8222;component&#8220;:&#8220;hc_adv_image_box&#8220;,&#8220;id&#8220;:&#8220;cEOqo&#8220;,&#8220;css_classes&#8220;:&#8220;&#8220;,&#8220;custom_css_classes&#8220;:&#8220;&#8220;,&#8220;custom_css_styles&#8220;:&#8220;&#8220;,&#8220;image&#8220;:&#8220;https:\\\/\\\/bobcat.si\\\/wp-content\\\/uploads\\\/2024\\\/02\\\/20231123-bobcat-emea-small-air-compressor-pa7-5-studio-19-1.jpg|400|600|33511406&#8243;,&#8220;icon&#8220;:&#8220;&#8220;,&#8220;title&#8220;:&#8220;\\u041c\\u0430\\u043b\\u043a\\u0438 \\u0432\\u044a\\u0437\\u0434\\u0443\\u0448\\u043d\\u0438 \\u043a\\u043e\\u043c\\u043f\\u0440\\u0435\\u0441\\u043e\\u0440\\u0438 2,5-5 m\\u00b3\\\/min&#8220;,&#8220;box_style&#8220;:&#8220;down_text&#8220;,&#8220;image_animation&#8220;:&#8220;&#8220;,&#8220;hidden_content&#8220;:false,&#8220;thumb_size&#8220;:&#8220;full&#8220;,&#8220;button_text&#8220;:&#8220;&#8220;,&#8220;button_style&#8220;:&#8220;circle&#8220;,&#8220;button_dimensions&#8220;:&#8220;&#8220;,&#8220;button_animation&#8220;:false,&#8220;extra_text&#8220;:&#8220;&#8220;,&#8220;subtitle&#8220;:&#8220;&#8220;,&#8220;text&#8220;:&#8220;\\u041d\\u0430\\u0448\\u0438\\u0442\\u0435 \\u043a\\u043e\\u043c\\u043f\\u0430\\u043a\\u0442\\u043d\\u0438 \\u0432\\u044a\\u0437\\u0434\\u0443\\u0448\\u043d\\u0438 \\u043a\\u043e\\u043c\\u043f\\u0440\\u0435\\u0441\\u043e\\u0440\\u0438 \\u0441 \\u043a\\u0430\\u043f\\u0430\\u0446\\u0438\\u0442\\u0435\\u0442 2,5-5 \\u043c\\u00b3\\\/\\u043c\\u0438\\u043d \\u0441\\u0430 \\u043b\\u0435\\u043a\\u0438 \\u0438 \\u043e\\u0442\\u0433\\u043e\\u0432\\u0430\\u0440\\u044f\\u0442 \\u043d\\u0430 \\u0438\\u0437\\u0438\\u0441\\u043a\\u0432\\u0430\\u043d\\u0438\\u044f\\u0442\\u0430 \\u043d\\u0430 \\u0415\\u0442\\u0430\\u043f V \\u0437\\u0430 \\u043d\\u0430\\u0439-\\u0432\\u0438\\u0441\\u043e\\u043a\\u0430 \\u043f\\u0440\\u043e\\u0438\\u0437\\u0432\\u043e\\u0434\\u0438\\u0442\\u0435\\u043b\\u043d\\u043e\\u0441\\u0442 \\u0438 \\u0435\\u043c\\u0438\\u0441\\u0438\\u0438.&#8220;,&#8220;link_type&#8220;:&#8220;classic&#8220;,&#8220;lightbox_animation&#8220;:&#8220;&#8220;,&#8220;caption&#8220;:&#8220;&#8220;,&#8220;inner_caption&#8220;:false,&#8220;new_window&#8220;:false,&#8220;link&#8220;:&#8220;https:\\\/\\\/bobcat.si\\\/portfolio\\\/%d0%bc%d0%b0%d0%bb%d0%ba%d0%b8-%d0%b2%d1%8a%d0%b7%d0%b4%d1%83%d1%88%d0%bd%d0%b8-%d0%ba%d0%be%d0%bc%d0%bf%d1%80%d0%b5%d1%81%d0%be%d1%80%d0%b8-2-5-5-m%c2%b3-min\\\/&#8220;,&#8220;link_content&#8220;:[],&#8220;lightbox_size&#8220;:&#8220;&#8220;,&#8220;scrollbox&#8220;:false},{&#8222;component&#8220;:&#8220;hc_space&#8220;,&#8220;id&#8220;:&#8220;ecqSz&#8220;,&#8220;css_classes&#8220;:&#8220;&#8220;,&#8220;custom_css_classes&#8220;:&#8220;&#8220;,&#8220;custom_css_styles&#8220;:&#8220;&#8220;,&#8220;size&#8220;:&#8220;m&#8220;,&#8220;height&#8220;:&#8220;&#8220;},{&#8222;component&#8220;:&#8220;hc_button&#8220;,&#8220;id&#8220;:&#8220;A5kil&#8220;,&#8220;css_classes&#8220;:&#8220;middle-content &#8222;,&#8220;custom_css_classes&#8220;:&#8220;&#8220;,&#8220;custom_css_styles&#8220;:&#8220;&#8220;,&#8220;icon&#8220;:&#8220;&#8220;,&#8220;style&#8220;:&#8220;circle&#8220;,&#8220;size&#8220;:&#8220;&#8220;,&#8220;position&#8220;:&#8220;left&#8220;,&#8220;animation&#8220;:false,&#8220;text&#8220;:&#8220;\\u0412\\u0438\\u0436\\u0442\\u0435 \\u043f\\u043e\\u0432\\u0435\\u0447\\u0435&#8243;,&#8220;link_type&#8220;:&#8220;classic&#8220;,&#8220;lightbox_animation&#8220;:&#8220;&#8220;,&#8220;caption&#8220;:&#8220;&#8220;,&#8220;inner_caption&#8220;:false,&#8220;new_window&#8220;:false,&#8220;link&#8220;:&#8220;https:\\\/\\\/bobcat.si\\\/portfolio\\\/%d0%bc%d0%b0%d0%bb%d0%ba%d0%b8-%d0%b2%d1%8a%d0%b7%d0%b4%d1%83%d1%88%d0%bd%d0%b8-%d0%ba%d0%be%d0%bc%d0%bf%d1%80%d0%b5%d1%81%d0%be%d1%80%d0%b8-2-5-5-m%c2%b3-min\\\/&#8220;,&#8220;link_content&#8220;:[],&#8220;lightbox_size&#8220;:&#8220;&#8220;,&#8220;scrollbox&#8220;:false},{&#8222;component&#8220;:&#8220;hc_space&#8220;,&#8220;id&#8220;:&#8220;uJ0hS&#8220;,&#8220;css_classes&#8220;:&#8220;&#8220;,&#8220;custom_css_classes&#8220;:&#8220;&#8220;,&#8220;custom_css_styles&#8220;:&#8220;&#8220;,&#8220;size&#8220;:&#8220;m&#8220;,&#8220;height&#8220;:&#8220;&#8220;}]}],&#8220;section_settings&#8220;:&#8220;&#8220;},&#8220;scripts&#8220;:{&#8222;lightbox&#8220;:&#8220;jquery.magnific-popup.min.js&#8220;},&#8220;css&#8220;:{&#8222;lightbox&#8220;:&#8220;scripts\\\/magnific-popup.css&#8220;,&#8220;image_box&#8220;:&#8220;css\\\/image-box.css&#8220;},&#8220;css_page&#8220;:&#8220;&#8220;,&#8220;template_setting&#8220;:{&#8222;settings&#8220;:{&#8222;id&#8220;:&#8220;settings&#8220;}},&#8220;template_setting_top&#8220;:[],&#8220;page_setting&#8220;:{&#8222;settings&#8220;:[&#8222;lock-mode-off&#8220;]}}<\/p>","protected":false},"excerpt":{"rendered":"<p>Majhni zra\u010dni kompresorji Bobcat so zasnovani tako, da dose\u017eejo popolno ravnovesje med visoko zmogljivostjo, robustnostjo in zanesljivostjo. Z vsestranskim razponom pretoka od 2 do 5 m\u00b3\/min prostega zraka in vzdr\u017eevanjem tlaka od 7 do 14 barov se ti stroji odli\u010dno obnesejo v razli\u010dnih aplikacijah. Ne glede na to, ali gre za vzdr\u017eevanje cest ali splo\u0161no proizvodnjo, ti kompresorji izpolnjujejo va\u0161a pri\u010dakovanja glede prilagodljivosti in u\u010dinkovitosti.<\/p>","protected":false},"author":2,"featured_media":0,"parent":0,"menu_order":0,"comment_status":"closed","ping_status":"closed","template":"","meta":{"_coblocks_attr":"","_coblocks_dimensions":"","_coblocks_responsive_height":"","_coblocks_accordion_ie_support":"","pgc_sgb_lightbox_settings":"","footnotes":""},"class_list":["post-33511403","page","type-page","status-publish","hentry"],"featured_image_src":null,"_links":{"self":[{"href":"https:\/\/bobcat.si\/sl\/wp-json\/wp\/v2\/pages\/33511403","targetHints":{"allow":["GET"]}}],"collection":[{"href":"https:\/\/bobcat.si\/sl\/wp-json\/wp\/v2\/pages"}],"about":[{"href":"https:\/\/bobcat.si\/sl\/wp-json\/wp\/v2\/types\/page"}],"author":[{"embeddable":true,"href":"https:\/\/bobcat.si\/sl\/wp-json\/wp\/v2\/users\/2"}],"replies":[{"embeddable":true,"href":"https:\/\/bobcat.si\/sl\/wp-json\/wp\/v2\/comments?post=33511403"}],"version-history":[{"count":0,"href":"https:\/\/bobcat.si\/sl\/wp-json\/wp\/v2\/pages\/33511403\/revisions"}],"wp:attachment":[{"href":"https:\/\/bobcat.si\/sl\/wp-json\/wp\/v2\/media?parent=33511403"}],"curies":[{"name":"delovni list","href":"https:\/\/api.w.org\/{rel}","templated":true}]}}